{"id":9535,"date":"2025-03-31T13:45:08","date_gmt":"2025-03-31T17:45:08","guid":{"rendered":"https:\/\/www.marcsamsonartist.com\/?page_id=9535"},"modified":"2025-03-31T13:49:23","modified_gmt":"2025-03-31T17:49:23","slug":"super-heros","status":"publish","type":"page","link":"https:\/\/www.marcsamsonartist.com\/fr\/super-heros\/","title":{"rendered":"SUPER-H\u00c9ROS"},"content":{"rendered":"\n<figure class=\"wp-block-image size-large\"><a href=\"https:\/\/www.marcsamsonartist.com\/wp-content\/uploads\/2025\/03\/super-he\u0301ros-3.png\"><img loading=\"lazy\" width=\"1012\" height=\"1024\" src=\"https:\/\/www.marcsamsonartist.com\/wp-content\/uploads\/2025\/03\/super-he\u0301ros-3-1012x1024.png\" alt=\"\" class=\"wp-image-9523\" srcset=\"https:\/\/www.marcsamsonartist.com\/wp-content\/uploads\/2025\/03\/super-he\u0301ros-3-1012x1024.png 1012w, https:\/\/www.marcsamsonartist.com\/wp-content\/uploads\/2025\/03\/super-he\u0301ros-3-296x300.png 296w, https:\/\/www.marcsamsonartist.com\/wp-content\/uploads\/2025\/03\/super-he\u0301ros-3-768x777.png 768w, https:\/\/www.marcsamsonartist.com\/wp-content\/uploads\/2025\/03\/super-he\u0301ros-3-1518x1536.png 1518w, https:\/\/www.marcsamsonartist.com\/wp-content\/uploads\/2025\/03\/super-he\u0301ros-3.png 2024w\" sizes=\"(max-width: 1012px) 100vw, 1012px\" \/><\/a><\/figure>\n\n\n\n<p><strong>SUPER-H\u00c9ROS &#8211; 36\u201d X 36\u201d &#8211; Acrylique et techniques mixtes sur bois<\/strong><\/p>\n\n\n\n<p>Cette toile fait partie de ma collection <strong>Vitamine C<\/strong> et rend hommage aux athl\u00e8tes du <strong>Vert et Or<\/strong> de l\u2019Universit\u00e9 de Sherbrooke. Entre les couches de peinture, vous d\u00e9couvrirez plusieurs \u00e9l\u00e9ments significatifs, comme un plan du campus, le logo de l\u2019universit\u00e9 et la mascotte de l\u2019\u00e9quipe. Parce que j\u2019associe nos \u00e9tudiants-athl\u00e8tes \u00e0 des <strong>SUPER-H\u00c9ROS<\/strong>, j\u2019y ai \u00e9galement int\u00e9gr\u00e9 les logos de Batman, Ironman, Wonder Woman, Popeye et Superman. D\u2019autres touches ludiques ajoutent une note d\u2019humour \u00e0 l\u2019ensemble, tandis que les couleurs dominantes, le vert et l\u2019or, rappellent fi\u00e8rement l\u2019identit\u00e9 de l\u2019\u00e9quipe. Enfin, un subtil ajout de jute apporte une texture distinctive \u00e0 l\u2019\u0153uvre.<br><\/p>\n\n\n\n<figure class=\"wp-block-image size-large\"><a href=\"https:\/\/www.marcsamsonartist.com\/wp-content\/uploads\/2025\/03\/super-he\u0301ros-5-1.png\"><img loading=\"lazy\" width=\"1012\" height=\"1024\" src=\"https:\/\/www.marcsamsonartist.com\/wp-content\/uploads\/2025\/03\/super-he\u0301ros-5-1-1012x1024.png\" alt=\"\" class=\"wp-image-9529\" srcset=\"https:\/\/www.marcsamsonartist.com\/wp-content\/uploads\/2025\/03\/super-he\u0301ros-5-1-1012x1024.png 1012w, https:\/\/www.marcsamsonartist.com\/wp-content\/uploads\/2025\/03\/super-he\u0301ros-5-1-296x300.png 296w, https:\/\/www.marcsamsonartist.com\/wp-content\/uploads\/2025\/03\/super-he\u0301ros-5-1-768x777.png 768w, https:\/\/www.marcsamsonartist.com\/wp-content\/uploads\/2025\/03\/super-he\u0301ros-5-1-1518x1536.png 1518w, https:\/\/www.marcsamsonartist.com\/wp-content\/uploads\/2025\/03\/super-he\u0301ros-5-1-2024x2048.png 2024w\" sizes=\"(max-width: 1012px) 100vw, 1012px\" \/><\/a><\/figure>\n","protected":false},"excerpt":{"rendered":"<p>SUPER-H\u00c9ROS &#8211; 36\u201d X 36\u201d &#8211; Acrylique et techniques mixtes sur bois Cette toile fait partie de ma collection Vitamine C et rend hommage aux athl\u00e8tes du Vert et Or de l\u2019Universit\u00e9 de Sherbrooke. Entre les couches de peinture, vous d\u00e9couvrirez plusieurs \u00e9l\u00e9ments significatifs, comme un plan du campus, le logo de l\u2019universit\u00e9 et la [&hellip;]<\/p>\n","protected":false},"author":3,"featured_media":9523,"parent":0,"menu_order":0,"comment_status":"closed","ping_status":"closed","template":"","meta":{"ngg_post_thumbnail":0},"yoast_head":"<!-- This site is optimized with the Yoast SEO plugin v18.5.1 - https:\/\/yoast.com\/wordpress\/plugins\/seo\/ -->\n<title>SUPER-H\u00c9ROS | SAMSON ARTISTE<\/title>\n<meta name=\"robots\" content=\"index, follow, max-snippet:-1, max-image-preview:large, max-video-preview:-1\" \/>\n<link rel=\"canonical\" href=\"https:\/\/www.marcsamsonartist.com\/fr\/super-heros\/\" \/>\n<meta property=\"og:locale\" content=\"fr_FR\" \/>\n<meta property=\"og:type\" content=\"article\" \/>\n<meta property=\"og:title\" content=\"SUPER-H\u00c9ROS | SAMSON ARTISTE\" \/>\n<meta property=\"og:description\" content=\"SUPER-H\u00c9ROS &#8211; 36\u201d X 36\u201d &#8211; Acrylique et techniques mixtes sur bois Cette toile fait partie de ma collection Vitamine C et rend hommage aux athl\u00e8tes du Vert et Or de l\u2019Universit\u00e9 de Sherbrooke. Entre les couches de peinture, vous d\u00e9couvrirez plusieurs \u00e9l\u00e9ments significatifs, comme un plan du campus, le logo de l\u2019universit\u00e9 et la [&hellip;]\" \/>\n<meta property=\"og:url\" content=\"https:\/\/www.marcsamsonartist.com\/fr\/super-heros\/\" \/>\n<meta property=\"og:site_name\" content=\"SAMSON ARTISTE\" \/>\n<meta property=\"article:modified_time\" content=\"2025-03-31T17:49:23+00:00\" \/>\n<meta property=\"og:image\" content=\"https:\/\/www.marcsamsonartist.com\/wp-content\/uploads\/2025\/03\/super-he\u0301ros-3-1012x1024.png\" \/>\n\t<meta property=\"og:image:width\" content=\"1012\" \/>\n\t<meta property=\"og:image:height\" content=\"1024\" \/>\n\t<meta property=\"og:image:type\" content=\"image\/png\" \/>\n<meta name=\"twitter:card\" content=\"summary\" \/>\n<meta name=\"twitter:label1\" content=\"Dur\u00e9e de lecture estim\u00e9e\" \/>\n\t<meta name=\"twitter:data1\" content=\"1 minute\" \/>\n<script type=\"application\/ld+json\" class=\"yoast-schema-graph\">{\"@context\":\"https:\/\/schema.org\",\"@graph\":[{\"@type\":\"WebSite\",\"@id\":\"https:\/\/www.marcsamsonartist.com\/#website\",\"url\":\"https:\/\/www.marcsamsonartist.com\/\",\"name\":\"SAMSON ARTISTE\",\"description\":\"ARTISTE QU\u00c9BECOIS DE NORTH HATLEY\",\"potentialAction\":[{\"@type\":\"SearchAction\",\"target\":{\"@type\":\"EntryPoint\",\"urlTemplate\":\"https:\/\/www.marcsamsonartist.com\/?s={search_term_string}\"},\"query-input\":\"required name=search_term_string\"}],\"inLanguage\":\"fr-FR\"},{\"@type\":\"ImageObject\",\"@id\":\"https:\/\/www.marcsamsonartist.com\/fr\/super-heros\/#primaryimage\",\"inLanguage\":\"fr-FR\",\"url\":\"https:\/\/www.marcsamsonartist.com\/wp-content\/uploads\/2025\/03\/super-he\u0301ros-3.png\",\"contentUrl\":\"https:\/\/www.marcsamsonartist.com\/wp-content\/uploads\/2025\/03\/super-he\u0301ros-3.png\",\"width\":2024,\"height\":2048},{\"@type\":\"WebPage\",\"@id\":\"https:\/\/www.marcsamsonartist.com\/fr\/super-heros\/#webpage\",\"url\":\"https:\/\/www.marcsamsonartist.com\/fr\/super-heros\/\",\"name\":\"SUPER-H\u00c9ROS | SAMSON ARTISTE\",\"isPartOf\":{\"@id\":\"https:\/\/www.marcsamsonartist.com\/#website\"},\"primaryImageOfPage\":{\"@id\":\"https:\/\/www.marcsamsonartist.com\/fr\/super-heros\/#primaryimage\"},\"datePublished\":\"2025-03-31T17:45:08+00:00\",\"dateModified\":\"2025-03-31T17:49:23+00:00\",\"breadcrumb\":{\"@id\":\"https:\/\/www.marcsamsonartist.com\/fr\/super-heros\/#breadcrumb\"},\"inLanguage\":\"fr-FR\",\"potentialAction\":[{\"@type\":\"ReadAction\",\"target\":[\"https:\/\/www.marcsamsonartist.com\/fr\/super-heros\/\"]}]},{\"@type\":\"BreadcrumbList\",\"@id\":\"https:\/\/www.marcsamsonartist.com\/fr\/super-heros\/#breadcrumb\",\"itemListElement\":[{\"@type\":\"ListItem\",\"position\":1,\"name\":\"Home\",\"item\":\"https:\/\/www.marcsamsonartist.com\/fr\/\"},{\"@type\":\"ListItem\",\"position\":2,\"name\":\"SUPER-H\u00c9ROS\"}]}]}<\/script>\n<!-- \/ Yoast SEO plugin. -->","yoast_head_json":{"title":"SUPER-H\u00c9ROS | SAMSON ARTISTE","robots":{"index":"index","follow":"follow","max-snippet":"max-snippet:-1","max-image-preview":"max-image-preview:large","max-video-preview":"max-video-preview:-1"},"canonical":"https:\/\/www.marcsamsonartist.com\/fr\/super-heros\/","og_locale":"fr_FR","og_type":"article","og_title":"SUPER-H\u00c9ROS | SAMSON ARTISTE","og_description":"SUPER-H\u00c9ROS &#8211; 36\u201d X 36\u201d &#8211; Acrylique et techniques mixtes sur bois Cette toile fait partie de ma collection Vitamine C et rend hommage aux athl\u00e8tes du Vert et Or de l\u2019Universit\u00e9 de Sherbrooke. Entre les couches de peinture, vous d\u00e9couvrirez plusieurs \u00e9l\u00e9ments significatifs, comme un plan du campus, le logo de l\u2019universit\u00e9 et la [&hellip;]","og_url":"https:\/\/www.marcsamsonartist.com\/fr\/super-heros\/","og_site_name":"SAMSON ARTISTE","article_modified_time":"2025-03-31T17:49:23+00:00","og_image":[{"width":1012,"height":1024,"url":"https:\/\/www.marcsamsonartist.com\/wp-content\/uploads\/2025\/03\/super-he\u0301ros-3-1012x1024.png","type":"image\/png"}],"twitter_card":"summary","twitter_misc":{"Dur\u00e9e de lecture estim\u00e9e":"1 minute"},"schema":{"@context":"https:\/\/schema.org","@graph":[{"@type":"WebSite","@id":"https:\/\/www.marcsamsonartist.com\/#website","url":"https:\/\/www.marcsamsonartist.com\/","name":"SAMSON ARTISTE","description":"ARTISTE QU\u00c9BECOIS DE NORTH HATLEY","potentialAction":[{"@type":"SearchAction","target":{"@type":"EntryPoint","urlTemplate":"https:\/\/www.marcsamsonartist.com\/?s={search_term_string}"},"query-input":"required name=search_term_string"}],"inLanguage":"fr-FR"},{"@type":"ImageObject","@id":"https:\/\/www.marcsamsonartist.com\/fr\/super-heros\/#primaryimage","inLanguage":"fr-FR","url":"https:\/\/www.marcsamsonartist.com\/wp-content\/uploads\/2025\/03\/super-he\u0301ros-3.png","contentUrl":"https:\/\/www.marcsamsonartist.com\/wp-content\/uploads\/2025\/03\/super-he\u0301ros-3.png","width":2024,"height":2048},{"@type":"WebPage","@id":"https:\/\/www.marcsamsonartist.com\/fr\/super-heros\/#webpage","url":"https:\/\/www.marcsamsonartist.com\/fr\/super-heros\/","name":"SUPER-H\u00c9ROS | SAMSON ARTISTE","isPartOf":{"@id":"https:\/\/www.marcsamsonartist.com\/#website"},"primaryImageOfPage":{"@id":"https:\/\/www.marcsamsonartist.com\/fr\/super-heros\/#primaryimage"},"datePublished":"2025-03-31T17:45:08+00:00","dateModified":"2025-03-31T17:49:23+00:00","breadcrumb":{"@id":"https:\/\/www.marcsamsonartist.com\/fr\/super-heros\/#breadcrumb"},"inLanguage":"fr-FR","potentialAction":[{"@type":"ReadAction","target":["https:\/\/www.marcsamsonartist.com\/fr\/super-heros\/"]}]},{"@type":"BreadcrumbList","@id":"https:\/\/www.marcsamsonartist.com\/fr\/super-heros\/#breadcrumb","itemListElement":[{"@type":"ListItem","position":1,"name":"Home","item":"https:\/\/www.marcsamsonartist.com\/fr\/"},{"@type":"ListItem","position":2,"name":"SUPER-H\u00c9ROS"}]}]}},"_links":{"self":[{"href":"https:\/\/www.marcsamsonartist.com\/fr\/wp-json\/wp\/v2\/pages\/9535"}],"collection":[{"href":"https:\/\/www.marcsamsonartist.com\/fr\/wp-json\/wp\/v2\/pages"}],"about":[{"href":"https:\/\/www.marcsamsonartist.com\/fr\/wp-json\/wp\/v2\/types\/page"}],"author":[{"embeddable":true,"href":"https:\/\/www.marcsamsonartist.com\/fr\/wp-json\/wp\/v2\/users\/3"}],"replies":[{"embeddable":true,"href":"https:\/\/www.marcsamsonartist.com\/fr\/wp-json\/wp\/v2\/comments?post=9535"}],"version-history":[{"count":2,"href":"https:\/\/www.marcsamsonartist.com\/fr\/wp-json\/wp\/v2\/pages\/9535\/revisions"}],"predecessor-version":[{"id":9540,"href":"https:\/\/www.marcsamsonartist.com\/fr\/wp-json\/wp\/v2\/pages\/9535\/revisions\/9540"}],"wp:featuredmedia":[{"embeddable":true,"href":"https:\/\/www.marcsamsonartist.com\/fr\/wp-json\/wp\/v2\/media\/9523"}],"wp:attachment":[{"href":"https:\/\/www.marcsamsonartist.com\/fr\/wp-json\/wp\/v2\/media?parent=9535"}],"curies":[{"name":"wp","href":"https:\/\/api.w.org\/{rel}","templated":true}]}}