{"id":873,"date":"2017-07-17T10:41:21","date_gmt":"2017-07-17T14:41:21","guid":{"rendered":"http:\/\/www.marcsamsonartist.com\/fr\/?page_id=873"},"modified":"2022-10-10T10:04:27","modified_gmt":"2022-10-10T14:04:27","slug":"lart-vache","status":"publish","type":"page","link":"https:\/\/www.marcsamsonartist.com\/fr\/galleries\/lart-vache\/","title":{"rendered":"Vaches, Taureaux, Orignaux, Chevaux, Coqs &#038; Cochons"},"content":{"rendered":"<div class=\"ngg-pro-mosaic-container\" data-ngg-pro-mosaic-id=\"3fea7f70bb625a10ca4def0502a6e65a\"><\/div>\n\n<h1>Tableaux de Vaches, Taureaux, Orignaux, Chevaux, Coqs &amp; Cochons &#8211; Acrylique et techniques mixtes<\/h1>\n<p><span style=\"font-weight: 400;\">Les peintures de vache de l\u2019artiste-peintre Montr\u00e9alais Marc Samson se d\u00e9marquent par leur vitalit\u00e9 et leur style angulaire et expressif. Le genre moderne et industriel consiste \u00e0 \u00e9tablir une coh\u00e9rence color\u00e9e entre les diff\u00e9rents patrons dans le but de faire voyager chaque regard sur la toile. L\u2019artiste contemporain qu\u00e9b\u00e9cois utilise plusieurs techniques mixtes afin de cr\u00e9er des effets impr\u00e9visibles et inusit\u00e9es. On retient aussi sa technique unique d\u2019accentuer sa muse par le dynamisme vif et pigment\u00e9 de ses coups de pinceau versus le fond neutre qui la re\u00e7oit. <\/span><\/p>\n","protected":false},"excerpt":{"rendered":"<p>Tableaux de Vaches, Taureaux, Orignaux, Chevaux, Coqs &amp; Cochons &#8211; Acrylique et techniques mixtes Les peintures de vache de l\u2019artiste-peintre Montr\u00e9alais Marc Samson se d\u00e9marquent par leur vitalit\u00e9 et leur style angulaire et expressif. Le genre moderne et industriel consiste \u00e0 \u00e9tablir une coh\u00e9rence color\u00e9e entre les diff\u00e9rents patrons dans le but de faire voyager [&hellip;]<\/p>\n","protected":false},"author":3,"featured_media":0,"parent":202,"menu_order":0,"comment_status":"closed","ping_status":"closed","template":"","meta":{"ngg_post_thumbnail":0},"yoast_head":"<!-- This site is optimized with the Yoast SEO plugin v18.5.1 - https:\/\/yoast.com\/wordpress\/plugins\/seo\/ -->\n<title>Tableau de vache de l\u2019artiste-peintre Montr\u00e9alais Marc Samson.<\/title>\n<meta name=\"description\" content=\"Discover Marc Samson&#039;s cowl art, paintings &amp; artwork. Explore the multiple layers to find hidden gems. Order your own with your choice in size and colours.\" \/>\n<meta name=\"robots\" content=\"index, follow, max-snippet:-1, max-image-preview:large, max-video-preview:-1\" \/>\n<link rel=\"canonical\" href=\"https:\/\/www.marcsamsonartist.com\/fr\/galleries\/lart-vache\/\" \/>\n<meta property=\"og:locale\" content=\"fr_FR\" \/>\n<meta property=\"og:type\" content=\"article\" \/>\n<meta property=\"og:title\" content=\"Tableau de vache de l\u2019artiste-peintre Montr\u00e9alais Marc Samson.\" \/>\n<meta property=\"og:description\" content=\"Discover Marc Samson&#039;s cowl art, paintings &amp; artwork. Explore the multiple layers to find hidden gems. Order your own with your choice in size and colours.\" \/>\n<meta property=\"og:url\" content=\"https:\/\/www.marcsamsonartist.com\/fr\/galleries\/lart-vache\/\" \/>\n<meta property=\"og:site_name\" content=\"SAMSON ARTISTE\" \/>\n<meta property=\"article:modified_time\" content=\"2022-10-10T14:04:27+00:00\" \/>\n<meta name=\"twitter:card\" content=\"summary\" \/>\n<meta name=\"twitter:label1\" content=\"Dur\u00e9e de lecture estim\u00e9e\" \/>\n\t<meta name=\"twitter:data1\" content=\"1 minute\" \/>\n<script type=\"application\/ld+json\" class=\"yoast-schema-graph\">{\"@context\":\"https:\/\/schema.org\",\"@graph\":[{\"@type\":\"WebSite\",\"@id\":\"https:\/\/www.marcsamsonartist.com\/#website\",\"url\":\"https:\/\/www.marcsamsonartist.com\/\",\"name\":\"SAMSON ARTISTE\",\"description\":\"ARTISTE QU\u00c9BECOIS DE NORTH HATLEY\",\"potentialAction\":[{\"@type\":\"SearchAction\",\"target\":{\"@type\":\"EntryPoint\",\"urlTemplate\":\"https:\/\/www.marcsamsonartist.com\/?s={search_term_string}\"},\"query-input\":\"required name=search_term_string\"}],\"inLanguage\":\"fr-FR\"},{\"@type\":\"WebPage\",\"@id\":\"https:\/\/www.marcsamsonartist.com\/fr\/galleries\/lart-vache\/#webpage\",\"url\":\"https:\/\/www.marcsamsonartist.com\/fr\/galleries\/lart-vache\/\",\"name\":\"Tableau de vache de l\u2019artiste-peintre Montr\u00e9alais Marc Samson.\",\"isPartOf\":{\"@id\":\"https:\/\/www.marcsamsonartist.com\/#website\"},\"datePublished\":\"2017-07-17T14:41:21+00:00\",\"dateModified\":\"2022-10-10T14:04:27+00:00\",\"description\":\"Discover Marc Samson's cowl art, paintings & artwork. Explore the multiple layers to find hidden gems. Order your own with your choice in size and colours.\",\"breadcrumb\":{\"@id\":\"https:\/\/www.marcsamsonartist.com\/fr\/galleries\/lart-vache\/#breadcrumb\"},\"inLanguage\":\"fr-FR\",\"potentialAction\":[{\"@type\":\"ReadAction\",\"target\":[\"https:\/\/www.marcsamsonartist.com\/fr\/galleries\/lart-vache\/\"]}]},{\"@type\":\"BreadcrumbList\",\"@id\":\"https:\/\/www.marcsamsonartist.com\/fr\/galleries\/lart-vache\/#breadcrumb\",\"itemListElement\":[{\"@type\":\"ListItem\",\"position\":1,\"name\":\"Home\",\"item\":\"https:\/\/www.marcsamsonartist.com\/fr\/\"},{\"@type\":\"ListItem\",\"position\":2,\"name\":\"Galeries\",\"item\":\"https:\/\/www.marcsamsonartist.com\/fr\/galleries\/\"},{\"@type\":\"ListItem\",\"position\":3,\"name\":\"Vaches, Taureaux, Orignaux, Chevaux, Coqs &#038; Cochons\"}]}]}<\/script>\n<!-- \/ Yoast SEO plugin. -->","yoast_head_json":{"title":"Tableau de vache de l\u2019artiste-peintre Montr\u00e9alais Marc Samson.","description":"Discover Marc Samson's cowl art, paintings & artwork. Explore the multiple layers to find hidden gems. Order your own with your choice in size and colours.","robots":{"index":"index","follow":"follow","max-snippet":"max-snippet:-1","max-image-preview":"max-image-preview:large","max-video-preview":"max-video-preview:-1"},"canonical":"https:\/\/www.marcsamsonartist.com\/fr\/galleries\/lart-vache\/","og_locale":"fr_FR","og_type":"article","og_title":"Tableau de vache de l\u2019artiste-peintre Montr\u00e9alais Marc Samson.","og_description":"Discover Marc Samson's cowl art, paintings & artwork. Explore the multiple layers to find hidden gems. Order your own with your choice in size and colours.","og_url":"https:\/\/www.marcsamsonartist.com\/fr\/galleries\/lart-vache\/","og_site_name":"SAMSON ARTISTE","article_modified_time":"2022-10-10T14:04:27+00:00","twitter_card":"summary","twitter_misc":{"Dur\u00e9e de lecture estim\u00e9e":"1 minute"},"schema":{"@context":"https:\/\/schema.org","@graph":[{"@type":"WebSite","@id":"https:\/\/www.marcsamsonartist.com\/#website","url":"https:\/\/www.marcsamsonartist.com\/","name":"SAMSON ARTISTE","description":"ARTISTE QU\u00c9BECOIS DE NORTH HATLEY","potentialAction":[{"@type":"SearchAction","target":{"@type":"EntryPoint","urlTemplate":"https:\/\/www.marcsamsonartist.com\/?s={search_term_string}"},"query-input":"required name=search_term_string"}],"inLanguage":"fr-FR"},{"@type":"WebPage","@id":"https:\/\/www.marcsamsonartist.com\/fr\/galleries\/lart-vache\/#webpage","url":"https:\/\/www.marcsamsonartist.com\/fr\/galleries\/lart-vache\/","name":"Tableau de vache de l\u2019artiste-peintre Montr\u00e9alais Marc Samson.","isPartOf":{"@id":"https:\/\/www.marcsamsonartist.com\/#website"},"datePublished":"2017-07-17T14:41:21+00:00","dateModified":"2022-10-10T14:04:27+00:00","description":"Discover Marc Samson's cowl art, paintings & artwork. Explore the multiple layers to find hidden gems. Order your own with your choice in size and colours.","breadcrumb":{"@id":"https:\/\/www.marcsamsonartist.com\/fr\/galleries\/lart-vache\/#breadcrumb"},"inLanguage":"fr-FR","potentialAction":[{"@type":"ReadAction","target":["https:\/\/www.marcsamsonartist.com\/fr\/galleries\/lart-vache\/"]}]},{"@type":"BreadcrumbList","@id":"https:\/\/www.marcsamsonartist.com\/fr\/galleries\/lart-vache\/#breadcrumb","itemListElement":[{"@type":"ListItem","position":1,"name":"Home","item":"https:\/\/www.marcsamsonartist.com\/fr\/"},{"@type":"ListItem","position":2,"name":"Galeries","item":"https:\/\/www.marcsamsonartist.com\/fr\/galleries\/"},{"@type":"ListItem","position":3,"name":"Vaches, Taureaux, Orignaux, Chevaux, Coqs &#038; Cochons"}]}]}},"_links":{"self":[{"href":"https:\/\/www.marcsamsonartist.com\/fr\/wp-json\/wp\/v2\/pages\/873"}],"collection":[{"href":"https:\/\/www.marcsamsonartist.com\/fr\/wp-json\/wp\/v2\/pages"}],"about":[{"href":"https:\/\/www.marcsamsonartist.com\/fr\/wp-json\/wp\/v2\/types\/page"}],"author":[{"embeddable":true,"href":"https:\/\/www.marcsamsonartist.com\/fr\/wp-json\/wp\/v2\/users\/3"}],"replies":[{"embeddable":true,"href":"https:\/\/www.marcsamsonartist.com\/fr\/wp-json\/wp\/v2\/comments?post=873"}],"version-history":[{"count":12,"href":"https:\/\/www.marcsamsonartist.com\/fr\/wp-json\/wp\/v2\/pages\/873\/revisions"}],"predecessor-version":[{"id":8002,"href":"https:\/\/www.marcsamsonartist.com\/fr\/wp-json\/wp\/v2\/pages\/873\/revisions\/8002"}],"up":[{"embeddable":true,"href":"https:\/\/www.marcsamsonartist.com\/fr\/wp-json\/wp\/v2\/pages\/202"}],"wp:attachment":[{"href":"https:\/\/www.marcsamsonartist.com\/fr\/wp-json\/wp\/v2\/media?parent=873"}],"curies":[{"name":"wp","href":"https:\/\/api.w.org\/{rel}","templated":true}]}}