{"id":777,"date":"2017-05-25T09:56:44","date_gmt":"2017-05-25T13:56:44","guid":{"rendered":"http:\/\/www.marcsamsonartist.com\/fr\/?page_id=777"},"modified":"2023-10-24T09:34:18","modified_gmt":"2023-10-24T13:34:18","slug":"velos","status":"publish","type":"page","link":"https:\/\/www.marcsamsonartist.com\/fr\/galleries\/velos\/","title":{"rendered":"V\u00e9los"},"content":{"rendered":"<div class=\"ngg-pro-mosaic-container\" data-ngg-pro-mosaic-id=\"4142d4726a3a08892648f47aa77a8c65\"><\/div>\n\n<h2><strong>COMMANDEZ VOTRE V\u00c9LO PERSONNALIS\u00c9 (514-662-0148)<\/strong><\/h2>\n<div class=\"everest-forms\"><p class=\"everst-forms-form-disable-notice everest-forms-notice everest-forms-notice--info\">This form is disabled.<\/p><\/div>\n","protected":false},"excerpt":{"rendered":"<p>&nbsp; COMMANDEZ VOTRE V\u00c9LO PERSONNALIS\u00c9 (514-662-0148)<\/p>\n","protected":false},"author":3,"featured_media":0,"parent":202,"menu_order":0,"comment_status":"closed","ping_status":"closed","template":"","meta":{"ngg_post_thumbnail":0},"yoast_head":"<!-- This site is optimized with the Yoast SEO plugin v18.5.1 - https:\/\/yoast.com\/wordpress\/plugins\/seo\/ -->\n<title>V\u00e9los | SAMSON ARTISTE<\/title>\n<meta name=\"robots\" content=\"index, follow, max-snippet:-1, max-image-preview:large, max-video-preview:-1\" \/>\n<link rel=\"canonical\" href=\"https:\/\/www.marcsamsonartist.com\/fr\/galleries\/velos\/\" \/>\n<meta property=\"og:locale\" content=\"fr_FR\" \/>\n<meta property=\"og:type\" content=\"article\" \/>\n<meta property=\"og:title\" content=\"V\u00e9los | SAMSON ARTISTE\" \/>\n<meta property=\"og:description\" content=\"&nbsp; COMMANDEZ VOTRE V\u00c9LO PERSONNALIS\u00c9 (514-662-0148)\" \/>\n<meta property=\"og:url\" content=\"https:\/\/www.marcsamsonartist.com\/fr\/galleries\/velos\/\" \/>\n<meta property=\"og:site_name\" content=\"SAMSON ARTISTE\" \/>\n<meta property=\"article:modified_time\" content=\"2023-10-24T13:34:18+00:00\" \/>\n<meta name=\"twitter:card\" content=\"summary\" \/>\n<meta name=\"twitter:label1\" content=\"Dur\u00e9e de lecture estim\u00e9e\" \/>\n\t<meta name=\"twitter:data1\" content=\"1 minute\" \/>\n<script type=\"application\/ld+json\" class=\"yoast-schema-graph\">{\"@context\":\"https:\/\/schema.org\",\"@graph\":[{\"@type\":\"WebSite\",\"@id\":\"https:\/\/www.marcsamsonartist.com\/#website\",\"url\":\"https:\/\/www.marcsamsonartist.com\/\",\"name\":\"SAMSON ARTISTE\",\"description\":\"ARTISTE QU\u00c9BECOIS DE NORTH HATLEY\",\"potentialAction\":[{\"@type\":\"SearchAction\",\"target\":{\"@type\":\"EntryPoint\",\"urlTemplate\":\"https:\/\/www.marcsamsonartist.com\/?s={search_term_string}\"},\"query-input\":\"required name=search_term_string\"}],\"inLanguage\":\"fr-FR\"},{\"@type\":\"WebPage\",\"@id\":\"https:\/\/www.marcsamsonartist.com\/fr\/galleries\/velos\/#webpage\",\"url\":\"https:\/\/www.marcsamsonartist.com\/fr\/galleries\/velos\/\",\"name\":\"V\u00e9los | SAMSON ARTISTE\",\"isPartOf\":{\"@id\":\"https:\/\/www.marcsamsonartist.com\/#website\"},\"datePublished\":\"2017-05-25T13:56:44+00:00\",\"dateModified\":\"2023-10-24T13:34:18+00:00\",\"breadcrumb\":{\"@id\":\"https:\/\/www.marcsamsonartist.com\/fr\/galleries\/velos\/#breadcrumb\"},\"inLanguage\":\"fr-FR\",\"potentialAction\":[{\"@type\":\"ReadAction\",\"target\":[\"https:\/\/www.marcsamsonartist.com\/fr\/galleries\/velos\/\"]}]},{\"@type\":\"BreadcrumbList\",\"@id\":\"https:\/\/www.marcsamsonartist.com\/fr\/galleries\/velos\/#breadcrumb\",\"itemListElement\":[{\"@type\":\"ListItem\",\"position\":1,\"name\":\"Home\",\"item\":\"https:\/\/www.marcsamsonartist.com\/fr\/\"},{\"@type\":\"ListItem\",\"position\":2,\"name\":\"Galeries\",\"item\":\"https:\/\/www.marcsamsonartist.com\/fr\/galleries\/\"},{\"@type\":\"ListItem\",\"position\":3,\"name\":\"V\u00e9los\"}]}]}<\/script>\n<!-- \/ Yoast SEO plugin. -->","yoast_head_json":{"title":"V\u00e9los | SAMSON ARTISTE","robots":{"index":"index","follow":"follow","max-snippet":"max-snippet:-1","max-image-preview":"max-image-preview:large","max-video-preview":"max-video-preview:-1"},"canonical":"https:\/\/www.marcsamsonartist.com\/fr\/galleries\/velos\/","og_locale":"fr_FR","og_type":"article","og_title":"V\u00e9los | SAMSON ARTISTE","og_description":"&nbsp; COMMANDEZ VOTRE V\u00c9LO PERSONNALIS\u00c9 (514-662-0148)","og_url":"https:\/\/www.marcsamsonartist.com\/fr\/galleries\/velos\/","og_site_name":"SAMSON ARTISTE","article_modified_time":"2023-10-24T13:34:18+00:00","twitter_card":"summary","twitter_misc":{"Dur\u00e9e de lecture estim\u00e9e":"1 minute"},"schema":{"@context":"https:\/\/schema.org","@graph":[{"@type":"WebSite","@id":"https:\/\/www.marcsamsonartist.com\/#website","url":"https:\/\/www.marcsamsonartist.com\/","name":"SAMSON ARTISTE","description":"ARTISTE QU\u00c9BECOIS DE NORTH HATLEY","potentialAction":[{"@type":"SearchAction","target":{"@type":"EntryPoint","urlTemplate":"https:\/\/www.marcsamsonartist.com\/?s={search_term_string}"},"query-input":"required name=search_term_string"}],"inLanguage":"fr-FR"},{"@type":"WebPage","@id":"https:\/\/www.marcsamsonartist.com\/fr\/galleries\/velos\/#webpage","url":"https:\/\/www.marcsamsonartist.com\/fr\/galleries\/velos\/","name":"V\u00e9los | SAMSON ARTISTE","isPartOf":{"@id":"https:\/\/www.marcsamsonartist.com\/#website"},"datePublished":"2017-05-25T13:56:44+00:00","dateModified":"2023-10-24T13:34:18+00:00","breadcrumb":{"@id":"https:\/\/www.marcsamsonartist.com\/fr\/galleries\/velos\/#breadcrumb"},"inLanguage":"fr-FR","potentialAction":[{"@type":"ReadAction","target":["https:\/\/www.marcsamsonartist.com\/fr\/galleries\/velos\/"]}]},{"@type":"BreadcrumbList","@id":"https:\/\/www.marcsamsonartist.com\/fr\/galleries\/velos\/#breadcrumb","itemListElement":[{"@type":"ListItem","position":1,"name":"Home","item":"https:\/\/www.marcsamsonartist.com\/fr\/"},{"@type":"ListItem","position":2,"name":"Galeries","item":"https:\/\/www.marcsamsonartist.com\/fr\/galleries\/"},{"@type":"ListItem","position":3,"name":"V\u00e9los"}]}]}},"_links":{"self":[{"href":"https:\/\/www.marcsamsonartist.com\/fr\/wp-json\/wp\/v2\/pages\/777"}],"collection":[{"href":"https:\/\/www.marcsamsonartist.com\/fr\/wp-json\/wp\/v2\/pages"}],"about":[{"href":"https:\/\/www.marcsamsonartist.com\/fr\/wp-json\/wp\/v2\/types\/page"}],"author":[{"embeddable":true,"href":"https:\/\/www.marcsamsonartist.com\/fr\/wp-json\/wp\/v2\/users\/3"}],"replies":[{"embeddable":true,"href":"https:\/\/www.marcsamsonartist.com\/fr\/wp-json\/wp\/v2\/comments?post=777"}],"version-history":[{"count":5,"href":"https:\/\/www.marcsamsonartist.com\/fr\/wp-json\/wp\/v2\/pages\/777\/revisions"}],"predecessor-version":[{"id":2931,"href":"https:\/\/www.marcsamsonartist.com\/fr\/wp-json\/wp\/v2\/pages\/777\/revisions\/2931"}],"up":[{"embeddable":true,"href":"https:\/\/www.marcsamsonartist.com\/fr\/wp-json\/wp\/v2\/pages\/202"}],"wp:attachment":[{"href":"https:\/\/www.marcsamsonartist.com\/fr\/wp-json\/wp\/v2\/media?parent=777"}],"curies":[{"name":"wp","href":"https:\/\/api.w.org\/{rel}","templated":true}]}}