{"id":763,"date":"2017-05-25T08:56:50","date_gmt":"2017-05-25T12:56:50","guid":{"rendered":"http:\/\/www.marcsamsonartist.com\/fr\/?page_id=763"},"modified":"2021-06-17T14:31:56","modified_gmt":"2021-06-17T18:31:56","slug":"orignaux-art","status":"publish","type":"page","link":"https:\/\/www.marcsamsonartist.com\/fr\/galleries\/orignaux-art\/","title":{"rendered":"Orignaux"},"content":{"rendered":"<p><img loading=\"lazy\" class=\"alignnone size-full wp-image-2908\" src=\"http:\/\/www.marcsamsonartist.com\/wp-content\/uploads\/2021\/06\/alain-image2.jpg\" alt=\"\" width=\"960\" height=\"736\" srcset=\"https:\/\/www.marcsamsonartist.com\/wp-content\/uploads\/2021\/06\/alain-image2.jpg 960w, https:\/\/www.marcsamsonartist.com\/wp-content\/uploads\/2021\/06\/alain-image2-300x230.jpg 300w, https:\/\/www.marcsamsonartist.com\/wp-content\/uploads\/2021\/06\/alain-image2-768x589.jpg 768w\" sizes=\"(max-width: 960px) 100vw, 960px\" \/><\/p>\n<h1>Peinture d\u2019orignal &#8211; Artiste peintre canadien<\/h1>\n<p><span style=\"font-weight: 400;\">Voici quelques-unes des toiles d\u2019orignal de l\u2019artiste peintre animalier qu\u00e9b\u00e9cois Marc Samson. Son look contemporain et angulaire sort de l\u2019ordinaire par les textures et techniques qu\u2019il utilise afin de cr\u00e9er une multitude d\u2019effets. Aussi, la spontan\u00e9it\u00e9 de ses coups de spatules et de pinceaux en r\u00e9sulte \u00e0 une stratification complexe des couches de peinture. Comme la plupart de ses muses, vous pouvez commander votre toile personnalis\u00e9e avec les dimensions de votre choix, vos couleurs pr\u00e9f\u00e9r\u00e9es et autres touches uniques et individuelles \u00e0 vous-m\u00eame.<br \/>\n<\/span><\/p>\n<p><span style=\"font-weight: 400;\"><strong>Pour commander &#8211; <\/strong>Veuillez communiquer avec Marc Samson au 514-662-0148 ou par courriel \u00e0 l\u2019adresse <a href=\"mailto:marcsamsonartiste@gmail.com\">marcsamsonartiste@gmail.com<\/a><br \/>\n<\/span><\/p>\n","protected":false},"excerpt":{"rendered":"<p>Peinture d\u2019orignal &#8211; Artiste peintre canadien Voici quelques-unes des toiles d\u2019orignal de l\u2019artiste peintre animalier qu\u00e9b\u00e9cois Marc Samson. Son look contemporain et angulaire sort de l\u2019ordinaire par les textures et techniques qu\u2019il utilise afin de cr\u00e9er une multitude d\u2019effets. Aussi, la spontan\u00e9it\u00e9 de ses coups de spatules et de pinceaux en r\u00e9sulte \u00e0 une stratification [&hellip;]<\/p>\n","protected":false},"author":3,"featured_media":0,"parent":202,"menu_order":0,"comment_status":"closed","ping_status":"closed","template":"","meta":{"ngg_post_thumbnail":0},"yoast_head":"<!-- This site is optimized with the Yoast SEO plugin v18.5.1 - https:\/\/yoast.com\/wordpress\/plugins\/seo\/ -->\n<title>Peinture d\u2019orignal par Marc Samson Artiste<\/title>\n<meta name=\"description\" content=\"Voici quelques-unes des toiles d\u2019orignal de l\u2019artiste peintre animalier qu\u00e9b\u00e9cois Marc Samson.\" \/>\n<meta name=\"robots\" content=\"index, follow, max-snippet:-1, max-image-preview:large, max-video-preview:-1\" \/>\n<link rel=\"canonical\" href=\"https:\/\/www.marcsamsonartist.com\/fr\/galleries\/orignaux-art\/\" \/>\n<meta property=\"og:locale\" content=\"fr_FR\" \/>\n<meta property=\"og:type\" content=\"article\" \/>\n<meta property=\"og:title\" content=\"Peinture d\u2019orignal par Marc Samson Artiste\" \/>\n<meta property=\"og:description\" content=\"Voici quelques-unes des toiles d\u2019orignal de l\u2019artiste peintre animalier qu\u00e9b\u00e9cois Marc Samson.\" \/>\n<meta property=\"og:url\" content=\"https:\/\/www.marcsamsonartist.com\/fr\/galleries\/orignaux-art\/\" \/>\n<meta property=\"og:site_name\" content=\"SAMSON ARTISTE\" \/>\n<meta property=\"article:modified_time\" content=\"2021-06-17T18:31:56+00:00\" \/>\n<meta property=\"og:image\" content=\"http:\/\/www.marcsamsonartist.com\/wp-content\/uploads\/2021\/06\/alain-image2.jpg\" \/>\n<meta name=\"twitter:card\" content=\"summary\" \/>\n<meta name=\"twitter:label1\" content=\"Dur\u00e9e de lecture estim\u00e9e\" \/>\n\t<meta name=\"twitter:data1\" content=\"1 minute\" \/>\n<script type=\"application\/ld+json\" class=\"yoast-schema-graph\">{\"@context\":\"https:\/\/schema.org\",\"@graph\":[{\"@type\":\"WebSite\",\"@id\":\"https:\/\/www.marcsamsonartist.com\/#website\",\"url\":\"https:\/\/www.marcsamsonartist.com\/\",\"name\":\"SAMSON ARTISTE\",\"description\":\"ARTISTE QU\u00c9BECOIS DE NORTH HATLEY\",\"potentialAction\":[{\"@type\":\"SearchAction\",\"target\":{\"@type\":\"EntryPoint\",\"urlTemplate\":\"https:\/\/www.marcsamsonartist.com\/?s={search_term_string}\"},\"query-input\":\"required name=search_term_string\"}],\"inLanguage\":\"fr-FR\"},{\"@type\":\"ImageObject\",\"@id\":\"https:\/\/www.marcsamsonartist.com\/fr\/galleries\/orignaux-art\/#primaryimage\",\"inLanguage\":\"fr-FR\",\"url\":\"http:\/\/www.marcsamsonartist.com\/wp-content\/uploads\/2021\/06\/alain-image2.jpg\",\"contentUrl\":\"http:\/\/www.marcsamsonartist.com\/wp-content\/uploads\/2021\/06\/alain-image2.jpg\"},{\"@type\":\"WebPage\",\"@id\":\"https:\/\/www.marcsamsonartist.com\/fr\/galleries\/orignaux-art\/#webpage\",\"url\":\"https:\/\/www.marcsamsonartist.com\/fr\/galleries\/orignaux-art\/\",\"name\":\"Peinture d\u2019orignal par Marc Samson Artiste\",\"isPartOf\":{\"@id\":\"https:\/\/www.marcsamsonartist.com\/#website\"},\"primaryImageOfPage\":{\"@id\":\"https:\/\/www.marcsamsonartist.com\/fr\/galleries\/orignaux-art\/#primaryimage\"},\"datePublished\":\"2017-05-25T12:56:50+00:00\",\"dateModified\":\"2021-06-17T18:31:56+00:00\",\"description\":\"Voici quelques-unes des toiles d\u2019orignal de l\u2019artiste peintre animalier qu\u00e9b\u00e9cois Marc Samson.\",\"breadcrumb\":{\"@id\":\"https:\/\/www.marcsamsonartist.com\/fr\/galleries\/orignaux-art\/#breadcrumb\"},\"inLanguage\":\"fr-FR\",\"potentialAction\":[{\"@type\":\"ReadAction\",\"target\":[\"https:\/\/www.marcsamsonartist.com\/fr\/galleries\/orignaux-art\/\"]}]},{\"@type\":\"BreadcrumbList\",\"@id\":\"https:\/\/www.marcsamsonartist.com\/fr\/galleries\/orignaux-art\/#breadcrumb\",\"itemListElement\":[{\"@type\":\"ListItem\",\"position\":1,\"name\":\"Home\",\"item\":\"https:\/\/www.marcsamsonartist.com\/fr\/\"},{\"@type\":\"ListItem\",\"position\":2,\"name\":\"Galeries\",\"item\":\"https:\/\/www.marcsamsonartist.com\/fr\/galleries\/\"},{\"@type\":\"ListItem\",\"position\":3,\"name\":\"Orignaux\"}]}]}<\/script>\n<!-- \/ Yoast SEO plugin. -->","yoast_head_json":{"title":"Peinture d\u2019orignal par Marc Samson Artiste","description":"Voici quelques-unes des toiles d\u2019orignal de l\u2019artiste peintre animalier qu\u00e9b\u00e9cois Marc Samson.","robots":{"index":"index","follow":"follow","max-snippet":"max-snippet:-1","max-image-preview":"max-image-preview:large","max-video-preview":"max-video-preview:-1"},"canonical":"https:\/\/www.marcsamsonartist.com\/fr\/galleries\/orignaux-art\/","og_locale":"fr_FR","og_type":"article","og_title":"Peinture d\u2019orignal par Marc Samson Artiste","og_description":"Voici quelques-unes des toiles d\u2019orignal de l\u2019artiste peintre animalier qu\u00e9b\u00e9cois Marc Samson.","og_url":"https:\/\/www.marcsamsonartist.com\/fr\/galleries\/orignaux-art\/","og_site_name":"SAMSON ARTISTE","article_modified_time":"2021-06-17T18:31:56+00:00","og_image":[{"url":"http:\/\/www.marcsamsonartist.com\/wp-content\/uploads\/2021\/06\/alain-image2.jpg"}],"twitter_card":"summary","twitter_misc":{"Dur\u00e9e de lecture estim\u00e9e":"1 minute"},"schema":{"@context":"https:\/\/schema.org","@graph":[{"@type":"WebSite","@id":"https:\/\/www.marcsamsonartist.com\/#website","url":"https:\/\/www.marcsamsonartist.com\/","name":"SAMSON ARTISTE","description":"ARTISTE QU\u00c9BECOIS DE NORTH HATLEY","potentialAction":[{"@type":"SearchAction","target":{"@type":"EntryPoint","urlTemplate":"https:\/\/www.marcsamsonartist.com\/?s={search_term_string}"},"query-input":"required name=search_term_string"}],"inLanguage":"fr-FR"},{"@type":"ImageObject","@id":"https:\/\/www.marcsamsonartist.com\/fr\/galleries\/orignaux-art\/#primaryimage","inLanguage":"fr-FR","url":"http:\/\/www.marcsamsonartist.com\/wp-content\/uploads\/2021\/06\/alain-image2.jpg","contentUrl":"http:\/\/www.marcsamsonartist.com\/wp-content\/uploads\/2021\/06\/alain-image2.jpg"},{"@type":"WebPage","@id":"https:\/\/www.marcsamsonartist.com\/fr\/galleries\/orignaux-art\/#webpage","url":"https:\/\/www.marcsamsonartist.com\/fr\/galleries\/orignaux-art\/","name":"Peinture d\u2019orignal par Marc Samson Artiste","isPartOf":{"@id":"https:\/\/www.marcsamsonartist.com\/#website"},"primaryImageOfPage":{"@id":"https:\/\/www.marcsamsonartist.com\/fr\/galleries\/orignaux-art\/#primaryimage"},"datePublished":"2017-05-25T12:56:50+00:00","dateModified":"2021-06-17T18:31:56+00:00","description":"Voici quelques-unes des toiles d\u2019orignal de l\u2019artiste peintre animalier qu\u00e9b\u00e9cois Marc Samson.","breadcrumb":{"@id":"https:\/\/www.marcsamsonartist.com\/fr\/galleries\/orignaux-art\/#breadcrumb"},"inLanguage":"fr-FR","potentialAction":[{"@type":"ReadAction","target":["https:\/\/www.marcsamsonartist.com\/fr\/galleries\/orignaux-art\/"]}]},{"@type":"BreadcrumbList","@id":"https:\/\/www.marcsamsonartist.com\/fr\/galleries\/orignaux-art\/#breadcrumb","itemListElement":[{"@type":"ListItem","position":1,"name":"Home","item":"https:\/\/www.marcsamsonartist.com\/fr\/"},{"@type":"ListItem","position":2,"name":"Galeries","item":"https:\/\/www.marcsamsonartist.com\/fr\/galleries\/"},{"@type":"ListItem","position":3,"name":"Orignaux"}]}]}},"_links":{"self":[{"href":"https:\/\/www.marcsamsonartist.com\/fr\/wp-json\/wp\/v2\/pages\/763"}],"collection":[{"href":"https:\/\/www.marcsamsonartist.com\/fr\/wp-json\/wp\/v2\/pages"}],"about":[{"href":"https:\/\/www.marcsamsonartist.com\/fr\/wp-json\/wp\/v2\/types\/page"}],"author":[{"embeddable":true,"href":"https:\/\/www.marcsamsonartist.com\/fr\/wp-json\/wp\/v2\/users\/3"}],"replies":[{"embeddable":true,"href":"https:\/\/www.marcsamsonartist.com\/fr\/wp-json\/wp\/v2\/comments?post=763"}],"version-history":[{"count":6,"href":"https:\/\/www.marcsamsonartist.com\/fr\/wp-json\/wp\/v2\/pages\/763\/revisions"}],"predecessor-version":[{"id":2924,"href":"https:\/\/www.marcsamsonartist.com\/fr\/wp-json\/wp\/v2\/pages\/763\/revisions\/2924"}],"up":[{"embeddable":true,"href":"https:\/\/www.marcsamsonartist.com\/fr\/wp-json\/wp\/v2\/pages\/202"}],"wp:attachment":[{"href":"https:\/\/www.marcsamsonartist.com\/fr\/wp-json\/wp\/v2\/media?parent=763"}],"curies":[{"name":"wp","href":"https:\/\/api.w.org\/{rel}","templated":true}]}}