{"id":213,"date":"2015-11-29T12:55:58","date_gmt":"2015-11-29T12:55:58","guid":{"rendered":"http:\/\/www.marcsamsonartist.com\/fr\/?page_id=213"},"modified":"2017-03-29T18:26:40","modified_gmt":"2017-03-29T22:26:40","slug":"a-propos","status":"publish","type":"page","link":"https:\/\/www.marcsamsonartist.com\/fr\/a-propos\/","title":{"rendered":"\u00e0 propos"},"content":{"rendered":"<figure id=\"attachment_19\" aria-describedby=\"caption-attachment-19\" style=\"width: 200px\" class=\"wp-caption aligncenter\"><img loading=\"lazy\" class=\"wp-image-19 size-full\" src=\"http:\/\/www.marcsamsonartist.com\/wp-content\/uploads\/2015\/11\/marc-samson-canadian-artist.jpg\" alt=\"Marc Samson - Artiste Qu\u00e9becois de Montr\u00e9al, Canada\" width=\"200\" height=\"334\" srcset=\"https:\/\/www.marcsamsonartist.com\/wp-content\/uploads\/2015\/11\/marc-samson-canadian-artist.jpg 200w, https:\/\/www.marcsamsonartist.com\/wp-content\/uploads\/2015\/11\/marc-samson-canadian-artist-180x300.jpg 180w\" sizes=\"(max-width: 200px) 100vw, 200px\" \/><figcaption id=\"caption-attachment-19\" class=\"wp-caption-text\">Marc Samson &#8211; Artiste Qu\u00e9becois de Montr\u00e9al, Canada<\/figcaption><\/figure>\n<p class=\"p1\"><span class=\"s1\">N\u00e9 au Qu\u00e9bec en 1965 dans la ville de Sherbrooke, Samson a grandi dans un monde \u00e0 la fois artistique et sportif,<span class=\"Apple-converted-space\">\u00a0 <\/span>ces deux sph\u00e8res ayant toujours fait partie de son quotidien. Son p\u00e8re,<span class=\"Apple-converted-space\">\u00a0 <\/span>peintre en b\u00e2timent, \u00e9tait un expert en couleur en plus d\u2019\u00eatre un grand adepte de sport, passionn\u00e9 dans tout ce qu\u2019il entreprenait.<span class=\"Apple-converted-space\">\u00a0 <\/span>\u00ab Je me souviens comment j\u2019\u00e9tais fascin\u00e9 de le voir combiner une demi-douzaine de couleurs pour cr\u00e9er la nuance parfaite. \u00bb Sa m\u00e8re crayonnait souvent des esquisses qui d\u00e9montraient un talent certain et elle r\u00eavait de devenir dessinatrice de mode. Sa s\u0153ur \u00e9tait aussi tr\u00e8s dou\u00e9e en peinture, ayant eu une influence directe sur Samson dans son choix de d\u00e9velopper ses aptitudes artistiques.<\/span><\/p>\n<p class=\"p1\"><span class=\"s1\">Au d\u00e9but des ann\u00e9es 1990, suivant l\u2019exemple de son fr\u00e8re a\u00een\u00e9, Marc devient un grand sportif et repr\u00e9sente l\u2019\u00e9quipe canadienne d\u2019athl\u00e9tisme lors de l\u2019\u00e9preuve du 110 m haies. Sa rencontre avec son mentor Terrence Greer, ancien professeur \u00e0 l\u2019Acad\u00e9mie des Arts de Londres, en Grande-Bretagne, est d\u00e9terminante dans son \u00e9volution.<span class=\"Apple-converted-space\">\u00a0 <\/span>\u00abTerrence m\u2019a constamment pouss\u00e9 \u00e0 sortir de ma zone de confort en m\u2019encourageant \u00e0 relever de nouveaux d\u00e9fis et \u00e0 essayer de nouvelles techniques, sans toutefois jamais me dire comment faire\u2026 \u00bb<\/span><\/p>\n<p class=\"p1\"><span class=\"s1\">Ses premiers tableaux, influenc\u00e9s par Matisse, Modigliani et Cathelin, confirment son instinct remarquable dans l\u2019agencement des couleurs, la disposition des \u00e9l\u00e9ments et le jeu des textures. Son cheminement sportif est aussi clairement perceptible dans ses \u0153uvres, caract\u00e9ris\u00e9es par la spontan\u00e9it\u00e9 et l\u2019assurance du geste.<\/span><\/p>\n<p class=\"p2\"><span class=\"s1\">Ses derni\u00e8res r\u00e9alisations d\u00e9voilent un style semi-r\u00e9aliste plus minimaliste. Il utilise des techniques mixtes (acrylique, huile et autres mati\u00e8res) pour rehausser ses sujets tout en cr\u00e9ant des effets fortuits \u00e0 l\u2019aide de multiples couches de peinture appliqu\u00e9es \u00e0 la spatule.<\/span><\/p>\n<p class=\"p2\"><em>Texte mis \u00e0 jour par Lisanne Le Tellier &#8211; 2017<\/em><\/p>\n","protected":false},"excerpt":{"rendered":"<p>N\u00e9 au Qu\u00e9bec en 1965 dans la ville de Sherbrooke, Samson a grandi dans un monde \u00e0 la fois artistique et sportif,\u00a0 ces deux sph\u00e8res ayant toujours fait partie de son quotidien. Son p\u00e8re,\u00a0 peintre en b\u00e2timent, \u00e9tait un expert en couleur en plus d\u2019\u00eatre un grand adepte de sport, passionn\u00e9 dans tout ce qu\u2019il [&hellip;]<\/p>\n","protected":false},"author":3,"featured_media":0,"parent":0,"menu_order":4,"comment_status":"closed","ping_status":"closed","template":"","meta":{"ngg_post_thumbnail":0},"yoast_head":"<!-- This site is optimized with the Yoast SEO plugin v18.5.1 - https:\/\/yoast.com\/wordpress\/plugins\/seo\/ -->\n<title>Artiste-Peintre Contemporain, Montr\u00e9al, Canada | Marc Samson<\/title>\n<meta name=\"description\" content=\"Marc Samson est un artiste peintre qu\u00e9b\u00e9cois de Montr\u00e9al, Canada. Informez-vous sur sa biographie, influences artistiques modernes et style de peinture.\" \/>\n<meta name=\"robots\" content=\"index, follow, max-snippet:-1, max-image-preview:large, max-video-preview:-1\" \/>\n<link rel=\"canonical\" href=\"https:\/\/www.marcsamsonartist.com\/fr\/a-propos\/\" \/>\n<meta property=\"og:locale\" content=\"fr_FR\" \/>\n<meta property=\"og:type\" content=\"article\" \/>\n<meta property=\"og:title\" content=\"Artiste-Peintre Contemporain, Montr\u00e9al, Canada | Marc Samson\" \/>\n<meta property=\"og:description\" content=\"Marc Samson est un artiste peintre qu\u00e9b\u00e9cois de Montr\u00e9al, Canada. Informez-vous sur sa biographie, influences artistiques modernes et style de peinture.\" \/>\n<meta property=\"og:url\" content=\"https:\/\/www.marcsamsonartist.com\/fr\/a-propos\/\" \/>\n<meta property=\"og:site_name\" content=\"SAMSON ARTISTE\" \/>\n<meta property=\"article:modified_time\" content=\"2017-03-29T22:26:40+00:00\" \/>\n<meta property=\"og:image\" content=\"http:\/\/www.marcsamsonartist.com\/wp-content\/uploads\/2015\/11\/marc-samson-canadian-artist.jpg\" \/>\n<meta name=\"twitter:card\" content=\"summary\" \/>\n<meta name=\"twitter:label1\" content=\"Dur\u00e9e de lecture estim\u00e9e\" \/>\n\t<meta name=\"twitter:data1\" content=\"2 minutes\" \/>\n<script type=\"application\/ld+json\" class=\"yoast-schema-graph\">{\"@context\":\"https:\/\/schema.org\",\"@graph\":[{\"@type\":\"WebSite\",\"@id\":\"https:\/\/www.marcsamsonartist.com\/#website\",\"url\":\"https:\/\/www.marcsamsonartist.com\/\",\"name\":\"SAMSON ARTISTE\",\"description\":\"ARTISTE QU\u00c9BECOIS DE NORTH HATLEY\",\"potentialAction\":[{\"@type\":\"SearchAction\",\"target\":{\"@type\":\"EntryPoint\",\"urlTemplate\":\"https:\/\/www.marcsamsonartist.com\/?s={search_term_string}\"},\"query-input\":\"required name=search_term_string\"}],\"inLanguage\":\"fr-FR\"},{\"@type\":\"ImageObject\",\"@id\":\"https:\/\/www.marcsamsonartist.com\/fr\/a-propos\/#primaryimage\",\"inLanguage\":\"fr-FR\",\"url\":\"http:\/\/www.marcsamsonartist.com\/wp-content\/uploads\/2015\/11\/marc-samson-canadian-artist.jpg\",\"contentUrl\":\"http:\/\/www.marcsamsonartist.com\/wp-content\/uploads\/2015\/11\/marc-samson-canadian-artist.jpg\"},{\"@type\":\"WebPage\",\"@id\":\"https:\/\/www.marcsamsonartist.com\/fr\/a-propos\/#webpage\",\"url\":\"https:\/\/www.marcsamsonartist.com\/fr\/a-propos\/\",\"name\":\"Artiste-Peintre Contemporain, Montr\u00e9al, Canada | Marc Samson\",\"isPartOf\":{\"@id\":\"https:\/\/www.marcsamsonartist.com\/#website\"},\"primaryImageOfPage\":{\"@id\":\"https:\/\/www.marcsamsonartist.com\/fr\/a-propos\/#primaryimage\"},\"datePublished\":\"2015-11-29T12:55:58+00:00\",\"dateModified\":\"2017-03-29T22:26:40+00:00\",\"description\":\"Marc Samson est un artiste peintre qu\u00e9b\u00e9cois de Montr\u00e9al, Canada. Informez-vous sur sa biographie, influences artistiques modernes et style de peinture.\",\"breadcrumb\":{\"@id\":\"https:\/\/www.marcsamsonartist.com\/fr\/a-propos\/#breadcrumb\"},\"inLanguage\":\"fr-FR\",\"potentialAction\":[{\"@type\":\"ReadAction\",\"target\":[\"https:\/\/www.marcsamsonartist.com\/fr\/a-propos\/\"]}]},{\"@type\":\"BreadcrumbList\",\"@id\":\"https:\/\/www.marcsamsonartist.com\/fr\/a-propos\/#breadcrumb\",\"itemListElement\":[{\"@type\":\"ListItem\",\"position\":1,\"name\":\"Home\",\"item\":\"https:\/\/www.marcsamsonartist.com\/fr\/\"},{\"@type\":\"ListItem\",\"position\":2,\"name\":\"\u00e0 propos\"}]}]}<\/script>\n<!-- \/ Yoast SEO plugin. -->","yoast_head_json":{"title":"Artiste-Peintre Contemporain, Montr\u00e9al, Canada | Marc Samson","description":"Marc Samson est un artiste peintre qu\u00e9b\u00e9cois de Montr\u00e9al, Canada. Informez-vous sur sa biographie, influences artistiques modernes et style de peinture.","robots":{"index":"index","follow":"follow","max-snippet":"max-snippet:-1","max-image-preview":"max-image-preview:large","max-video-preview":"max-video-preview:-1"},"canonical":"https:\/\/www.marcsamsonartist.com\/fr\/a-propos\/","og_locale":"fr_FR","og_type":"article","og_title":"Artiste-Peintre Contemporain, Montr\u00e9al, Canada | Marc Samson","og_description":"Marc Samson est un artiste peintre qu\u00e9b\u00e9cois de Montr\u00e9al, Canada. Informez-vous sur sa biographie, influences artistiques modernes et style de peinture.","og_url":"https:\/\/www.marcsamsonartist.com\/fr\/a-propos\/","og_site_name":"SAMSON ARTISTE","article_modified_time":"2017-03-29T22:26:40+00:00","og_image":[{"url":"http:\/\/www.marcsamsonartist.com\/wp-content\/uploads\/2015\/11\/marc-samson-canadian-artist.jpg"}],"twitter_card":"summary","twitter_misc":{"Dur\u00e9e de lecture estim\u00e9e":"2 minutes"},"schema":{"@context":"https:\/\/schema.org","@graph":[{"@type":"WebSite","@id":"https:\/\/www.marcsamsonartist.com\/#website","url":"https:\/\/www.marcsamsonartist.com\/","name":"SAMSON ARTISTE","description":"ARTISTE QU\u00c9BECOIS DE NORTH HATLEY","potentialAction":[{"@type":"SearchAction","target":{"@type":"EntryPoint","urlTemplate":"https:\/\/www.marcsamsonartist.com\/?s={search_term_string}"},"query-input":"required name=search_term_string"}],"inLanguage":"fr-FR"},{"@type":"ImageObject","@id":"https:\/\/www.marcsamsonartist.com\/fr\/a-propos\/#primaryimage","inLanguage":"fr-FR","url":"http:\/\/www.marcsamsonartist.com\/wp-content\/uploads\/2015\/11\/marc-samson-canadian-artist.jpg","contentUrl":"http:\/\/www.marcsamsonartist.com\/wp-content\/uploads\/2015\/11\/marc-samson-canadian-artist.jpg"},{"@type":"WebPage","@id":"https:\/\/www.marcsamsonartist.com\/fr\/a-propos\/#webpage","url":"https:\/\/www.marcsamsonartist.com\/fr\/a-propos\/","name":"Artiste-Peintre Contemporain, Montr\u00e9al, Canada | Marc Samson","isPartOf":{"@id":"https:\/\/www.marcsamsonartist.com\/#website"},"primaryImageOfPage":{"@id":"https:\/\/www.marcsamsonartist.com\/fr\/a-propos\/#primaryimage"},"datePublished":"2015-11-29T12:55:58+00:00","dateModified":"2017-03-29T22:26:40+00:00","description":"Marc Samson est un artiste peintre qu\u00e9b\u00e9cois de Montr\u00e9al, Canada. Informez-vous sur sa biographie, influences artistiques modernes et style de peinture.","breadcrumb":{"@id":"https:\/\/www.marcsamsonartist.com\/fr\/a-propos\/#breadcrumb"},"inLanguage":"fr-FR","potentialAction":[{"@type":"ReadAction","target":["https:\/\/www.marcsamsonartist.com\/fr\/a-propos\/"]}]},{"@type":"BreadcrumbList","@id":"https:\/\/www.marcsamsonartist.com\/fr\/a-propos\/#breadcrumb","itemListElement":[{"@type":"ListItem","position":1,"name":"Home","item":"https:\/\/www.marcsamsonartist.com\/fr\/"},{"@type":"ListItem","position":2,"name":"\u00e0 propos"}]}]}},"_links":{"self":[{"href":"https:\/\/www.marcsamsonartist.com\/fr\/wp-json\/wp\/v2\/pages\/213"}],"collection":[{"href":"https:\/\/www.marcsamsonartist.com\/fr\/wp-json\/wp\/v2\/pages"}],"about":[{"href":"https:\/\/www.marcsamsonartist.com\/fr\/wp-json\/wp\/v2\/types\/page"}],"author":[{"embeddable":true,"href":"https:\/\/www.marcsamsonartist.com\/fr\/wp-json\/wp\/v2\/users\/3"}],"replies":[{"embeddable":true,"href":"https:\/\/www.marcsamsonartist.com\/fr\/wp-json\/wp\/v2\/comments?post=213"}],"version-history":[{"count":17,"href":"https:\/\/www.marcsamsonartist.com\/fr\/wp-json\/wp\/v2\/pages\/213\/revisions"}],"predecessor-version":[{"id":742,"href":"https:\/\/www.marcsamsonartist.com\/fr\/wp-json\/wp\/v2\/pages\/213\/revisions\/742"}],"wp:attachment":[{"href":"https:\/\/www.marcsamsonartist.com\/fr\/wp-json\/wp\/v2\/media?parent=213"}],"curies":[{"name":"wp","href":"https:\/\/api.w.org\/{rel}","templated":true}]}}