{"id":210,"date":"2015-11-29T12:56:21","date_gmt":"2015-11-29T12:56:21","guid":{"rendered":"http:\/\/www.marcsamsonartist.com\/fr\/?page_id=210"},"modified":"2024-02-15T18:39:21","modified_gmt":"2024-02-15T23:39:21","slug":"extraordinaire","status":"publish","type":"page","link":"https:\/\/www.marcsamsonartist.com\/fr\/galleries\/extraordinaire\/","title":{"rendered":"Extraordinaire"},"content":{"rendered":"<p><div class=\"ngg-pro-mosaic-container\" data-ngg-pro-mosaic-id=\"398ee1b5e7af32bd78e6981ff9c6e4d0\"><\/div>\n<br \/>\n<div class=\"ngg-pro-mosaic-container\" data-ngg-pro-mosaic-id=\"4ecca666ffa67823e636bdf0171088c8\"><\/div>\nD\u00e9finition d&rsquo;extraordinaire&nbsp;: Qui sort de l\u2019ordinaire ou inhabituel. En fait, ce sont des sujets inusuels que je n\u2019ai pas encore peints maintes et maintes fois. Cependant si je me sens \u00e0 l\u2019aise de les peindre et que votre critique est favorable, je m\u2019y tenterai encore et encore de diff\u00e9rentes fa\u00e7ons.&nbsp;&nbsp; Si vous avez d\u2019autres muses, j\u2019attends vos propositions\u2026<\/p>\n","protected":false},"excerpt":{"rendered":"<p>D\u00e9finition d&rsquo;extraordinaire&nbsp;: Qui sort de l\u2019ordinaire ou inhabituel. En fait, ce sont des sujets inusuels que je n\u2019ai pas encore peints maintes et maintes fois. Cependant si je me sens \u00e0 l\u2019aise de les peindre et que votre critique est favorable, je m\u2019y tenterai encore et encore de diff\u00e9rentes fa\u00e7ons.&nbsp;&nbsp; Si vous avez d\u2019autres muses, [&hellip;]<\/p>\n","protected":false},"author":3,"featured_media":0,"parent":202,"menu_order":4,"comment_status":"closed","ping_status":"closed","template":"","meta":{"ngg_post_thumbnail":0},"yoast_head":"<!-- This site is optimized with the Yoast SEO plugin v18.5.1 - https:\/\/yoast.com\/wordpress\/plugins\/seo\/ -->\n<title>Peintures inusuelles: Extraordinaires et inhabituelles | Marc Samson<\/title>\n<meta name=\"description\" content=\"D\u00e9couvrez les peintures de sujets extraordinaires et inhabituels qui ont \u00e9t\u00e9 rarement peintes sur toiles. Allez voir la galerie.\" \/>\n<meta name=\"robots\" content=\"index, follow, max-snippet:-1, max-image-preview:large, max-video-preview:-1\" \/>\n<link rel=\"canonical\" href=\"https:\/\/www.marcsamsonartist.com\/fr\/galleries\/extraordinaire\/\" \/>\n<meta property=\"og:locale\" content=\"fr_FR\" \/>\n<meta property=\"og:type\" content=\"article\" \/>\n<meta property=\"og:title\" content=\"Peintures inusuelles: Extraordinaires et inhabituelles | Marc Samson\" \/>\n<meta property=\"og:description\" content=\"D\u00e9couvrez les peintures de sujets extraordinaires et inhabituels qui ont \u00e9t\u00e9 rarement peintes sur toiles. Allez voir la galerie.\" \/>\n<meta property=\"og:url\" content=\"https:\/\/www.marcsamsonartist.com\/fr\/galleries\/extraordinaire\/\" \/>\n<meta property=\"og:site_name\" content=\"SAMSON ARTISTE\" \/>\n<meta property=\"article:modified_time\" content=\"2024-02-15T23:39:21+00:00\" \/>\n<meta name=\"twitter:card\" content=\"summary\" \/>\n<meta name=\"twitter:label1\" content=\"Dur\u00e9e de lecture estim\u00e9e\" \/>\n\t<meta name=\"twitter:data1\" content=\"1 minute\" \/>\n<script type=\"application\/ld+json\" class=\"yoast-schema-graph\">{\"@context\":\"https:\/\/schema.org\",\"@graph\":[{\"@type\":\"WebSite\",\"@id\":\"https:\/\/www.marcsamsonartist.com\/#website\",\"url\":\"https:\/\/www.marcsamsonartist.com\/\",\"name\":\"SAMSON ARTISTE\",\"description\":\"ARTISTE QU\u00c9BECOIS DE NORTH HATLEY\",\"potentialAction\":[{\"@type\":\"SearchAction\",\"target\":{\"@type\":\"EntryPoint\",\"urlTemplate\":\"https:\/\/www.marcsamsonartist.com\/?s={search_term_string}\"},\"query-input\":\"required name=search_term_string\"}],\"inLanguage\":\"fr-FR\"},{\"@type\":\"WebPage\",\"@id\":\"https:\/\/www.marcsamsonartist.com\/fr\/galleries\/extraordinaire\/#webpage\",\"url\":\"https:\/\/www.marcsamsonartist.com\/fr\/galleries\/extraordinaire\/\",\"name\":\"Peintures inusuelles: Extraordinaires et inhabituelles | Marc Samson\",\"isPartOf\":{\"@id\":\"https:\/\/www.marcsamsonartist.com\/#website\"},\"datePublished\":\"2015-11-29T12:56:21+00:00\",\"dateModified\":\"2024-02-15T23:39:21+00:00\",\"description\":\"D\u00e9couvrez les peintures de sujets extraordinaires et inhabituels qui ont \u00e9t\u00e9 rarement peintes sur toiles. Allez voir la galerie.\",\"breadcrumb\":{\"@id\":\"https:\/\/www.marcsamsonartist.com\/fr\/galleries\/extraordinaire\/#breadcrumb\"},\"inLanguage\":\"fr-FR\",\"potentialAction\":[{\"@type\":\"ReadAction\",\"target\":[\"https:\/\/www.marcsamsonartist.com\/fr\/galleries\/extraordinaire\/\"]}]},{\"@type\":\"BreadcrumbList\",\"@id\":\"https:\/\/www.marcsamsonartist.com\/fr\/galleries\/extraordinaire\/#breadcrumb\",\"itemListElement\":[{\"@type\":\"ListItem\",\"position\":1,\"name\":\"Home\",\"item\":\"https:\/\/www.marcsamsonartist.com\/fr\/\"},{\"@type\":\"ListItem\",\"position\":2,\"name\":\"Galeries\",\"item\":\"https:\/\/www.marcsamsonartist.com\/fr\/galleries\/\"},{\"@type\":\"ListItem\",\"position\":3,\"name\":\"Extraordinaire\"}]}]}<\/script>\n<!-- \/ Yoast SEO plugin. -->","yoast_head_json":{"title":"Peintures inusuelles: Extraordinaires et inhabituelles | Marc Samson","description":"D\u00e9couvrez les peintures de sujets extraordinaires et inhabituels qui ont \u00e9t\u00e9 rarement peintes sur toiles. Allez voir la galerie.","robots":{"index":"index","follow":"follow","max-snippet":"max-snippet:-1","max-image-preview":"max-image-preview:large","max-video-preview":"max-video-preview:-1"},"canonical":"https:\/\/www.marcsamsonartist.com\/fr\/galleries\/extraordinaire\/","og_locale":"fr_FR","og_type":"article","og_title":"Peintures inusuelles: Extraordinaires et inhabituelles | Marc Samson","og_description":"D\u00e9couvrez les peintures de sujets extraordinaires et inhabituels qui ont \u00e9t\u00e9 rarement peintes sur toiles. Allez voir la galerie.","og_url":"https:\/\/www.marcsamsonartist.com\/fr\/galleries\/extraordinaire\/","og_site_name":"SAMSON ARTISTE","article_modified_time":"2024-02-15T23:39:21+00:00","twitter_card":"summary","twitter_misc":{"Dur\u00e9e de lecture estim\u00e9e":"1 minute"},"schema":{"@context":"https:\/\/schema.org","@graph":[{"@type":"WebSite","@id":"https:\/\/www.marcsamsonartist.com\/#website","url":"https:\/\/www.marcsamsonartist.com\/","name":"SAMSON ARTISTE","description":"ARTISTE QU\u00c9BECOIS DE NORTH HATLEY","potentialAction":[{"@type":"SearchAction","target":{"@type":"EntryPoint","urlTemplate":"https:\/\/www.marcsamsonartist.com\/?s={search_term_string}"},"query-input":"required name=search_term_string"}],"inLanguage":"fr-FR"},{"@type":"WebPage","@id":"https:\/\/www.marcsamsonartist.com\/fr\/galleries\/extraordinaire\/#webpage","url":"https:\/\/www.marcsamsonartist.com\/fr\/galleries\/extraordinaire\/","name":"Peintures inusuelles: Extraordinaires et inhabituelles | Marc Samson","isPartOf":{"@id":"https:\/\/www.marcsamsonartist.com\/#website"},"datePublished":"2015-11-29T12:56:21+00:00","dateModified":"2024-02-15T23:39:21+00:00","description":"D\u00e9couvrez les peintures de sujets extraordinaires et inhabituels qui ont \u00e9t\u00e9 rarement peintes sur toiles. Allez voir la galerie.","breadcrumb":{"@id":"https:\/\/www.marcsamsonartist.com\/fr\/galleries\/extraordinaire\/#breadcrumb"},"inLanguage":"fr-FR","potentialAction":[{"@type":"ReadAction","target":["https:\/\/www.marcsamsonartist.com\/fr\/galleries\/extraordinaire\/"]}]},{"@type":"BreadcrumbList","@id":"https:\/\/www.marcsamsonartist.com\/fr\/galleries\/extraordinaire\/#breadcrumb","itemListElement":[{"@type":"ListItem","position":1,"name":"Home","item":"https:\/\/www.marcsamsonartist.com\/fr\/"},{"@type":"ListItem","position":2,"name":"Galeries","item":"https:\/\/www.marcsamsonartist.com\/fr\/galleries\/"},{"@type":"ListItem","position":3,"name":"Extraordinaire"}]}]}},"_links":{"self":[{"href":"https:\/\/www.marcsamsonartist.com\/fr\/wp-json\/wp\/v2\/pages\/210"}],"collection":[{"href":"https:\/\/www.marcsamsonartist.com\/fr\/wp-json\/wp\/v2\/pages"}],"about":[{"href":"https:\/\/www.marcsamsonartist.com\/fr\/wp-json\/wp\/v2\/types\/page"}],"author":[{"embeddable":true,"href":"https:\/\/www.marcsamsonartist.com\/fr\/wp-json\/wp\/v2\/users\/3"}],"replies":[{"embeddable":true,"href":"https:\/\/www.marcsamsonartist.com\/fr\/wp-json\/wp\/v2\/comments?post=210"}],"version-history":[{"count":9,"href":"https:\/\/www.marcsamsonartist.com\/fr\/wp-json\/wp\/v2\/pages\/210\/revisions"}],"predecessor-version":[{"id":8985,"href":"https:\/\/www.marcsamsonartist.com\/fr\/wp-json\/wp\/v2\/pages\/210\/revisions\/8985"}],"up":[{"embeddable":true,"href":"https:\/\/www.marcsamsonartist.com\/fr\/wp-json\/wp\/v2\/pages\/202"}],"wp:attachment":[{"href":"https:\/\/www.marcsamsonartist.com\/fr\/wp-json\/wp\/v2\/media?parent=210"}],"curies":[{"name":"wp","href":"https:\/\/api.w.org\/{rel}","templated":true}]}}