{"id":1589,"date":"2020-01-21T08:18:10","date_gmt":"2020-01-21T13:18:10","guid":{"rendered":"http:\/\/www.marcsamsonartist.com\/fr\/?page_id=1589"},"modified":"2020-01-25T09:27:18","modified_gmt":"2020-01-25T14:27:18","slug":"immortalisez-votre-chat-ou-chien-avec-une-peinture-portraits-pour-vos-animaux-preferes%e2%80%a8","status":"publish","type":"page","link":"https:\/\/www.marcsamsonartist.com\/fr\/immortalisez-votre-chat-ou-chien-avec-une-peinture-portraits-pour-vos-animaux-preferes%e2%80%a8\/","title":{"rendered":"IMMORTALISEZ VOTRE CHAT OU CHIEN AVEC UNE PEINTURE | PORTRAITS POUR VOS ANIMAUX PR\u00c9F\u00c9R\u00c9S\u2028"},"content":{"rendered":"<p><strong><img loading=\"lazy\" class=\"wp-image-1575 alignnone\" src=\"http:\/\/www.marcsamsonartist.com\/wp-content\/uploads\/2020\/01\/immortalize-your-cat.png\" alt=\"\" width=\"368\" height=\"368\" srcset=\"https:\/\/www.marcsamsonartist.com\/wp-content\/uploads\/2020\/01\/immortalize-your-cat.png 800w, https:\/\/www.marcsamsonartist.com\/wp-content\/uploads\/2020\/01\/immortalize-your-cat-150x150.png 150w, https:\/\/www.marcsamsonartist.com\/wp-content\/uploads\/2020\/01\/immortalize-your-cat-300x300.png 300w, https:\/\/www.marcsamsonartist.com\/wp-content\/uploads\/2020\/01\/immortalize-your-cat-768x768.png 768w\" sizes=\"(max-width: 368px) 100vw, 368px\" \/><img loading=\"lazy\" class=\"alignnone wp-image-1576\" src=\"http:\/\/www.marcsamsonartist.com\/wp-content\/uploads\/2020\/01\/GEMMA.png\" alt=\"\" width=\"369\" height=\"369\" srcset=\"https:\/\/www.marcsamsonartist.com\/wp-content\/uploads\/2020\/01\/GEMMA.png 800w, https:\/\/www.marcsamsonartist.com\/wp-content\/uploads\/2020\/01\/GEMMA-150x150.png 150w, https:\/\/www.marcsamsonartist.com\/wp-content\/uploads\/2020\/01\/GEMMA-300x300.png 300w, https:\/\/www.marcsamsonartist.com\/wp-content\/uploads\/2020\/01\/GEMMA-768x768.png 768w\" sizes=\"(max-width: 369px) 100vw, 369px\" \/><\/strong><\/p>\n<p><strong>Immortalisez<\/strong> votre chat ou votre chien avec une peinture personnalis\u00e9e de l&rsquo;artiste montr\u00e9alais Marc Samson.<\/p>\n<p><strong>\u00c9tape 1:<\/strong><br \/>\nChoisissez vos dimensions et vos couleurs principales. Je peux en discuter ensemble. Voici les tailles courantes:<\/p>\n<ul>\n<li>72\u201d x 48\u201d<\/li>\n<li>60\u201d x 45\u201d<\/li>\n<li>48\u201d x 36\u201d<\/li>\n<li>40\u201d x 30\u201d<\/li>\n<li>28\u201d x 20\u201d<\/li>\n<li><em>18&Prime; x 24&Prime;<\/em><\/li>\n<\/ul>\n<p><strong>\u00c9tape 2:<\/strong><br \/>\nIncorporez un texte, des lettres, cartes postales, images, cendres, tissus et autres objets de valeur. Vous pr\u00e9serverez vos souvenirs pour toujours.<\/p>\n<p>Veuillez contacter Marc Samson au 514-662-0148 ou par courriel \u00e0 <a href=\"mailto:marcsamsonartiste@gmail.com\">marcsamsonartiste@gmail.com<\/a><\/p>\n<p><strong>\u00c9tape 3:<\/strong><br \/>\nRemplissez ce formulaire et commen\u00e7ons!<br \/>\n<div class=\"everest-forms\"><div class=\"evf-container default\" id=\"evf-1593\"><form id=\"evf-form-1593\" class=\"everest-form\" data-formid=\"1593\" data-ajax_submission=\"0\" method=\"post\" enctype=\"multipart\/form-data\" action=\"\/fr\/wp-json\/wp\/v2\/pages\/1589\"><div class=\"evf-field-container\"><input type=\"hidden\" id=\"_wpnonce1593\" name=\"_wpnonce1593\" value=\"0a1e6f4cd0\" \/><input type=\"hidden\" name=\"_wp_http_referer\" value=\"\/fr\/wp-json\/wp\/v2\/pages\/1589\" \/><div class=\"evf-frontend-row\" data-row=\"row_1\"><div class=\"evf-frontend-grid evf-grid-1\" data-grid=\"grid_1\"><div id=\"evf-1593-field_fullname-container\" class=\"evf-field evf-field-text form-row validate-required\" data-required-field-message=\"This field is required.\" data-field-id=\"fullname\"><label class=\"evf-field-label\" for=\"evf-1593-field_fullname\"><span class=\"evf-label\">NOM<\/span> <abbr class=\"required\" title=\"N\u00e9cessaire\">*<\/abbr><\/label><input type=\"text\" id=\"evf-1593-field_fullname\" class=\"input-text\" name=\"everest_forms[form_fields][fullname]\" required><\/div><div id=\"evf-1593-field_dGcJ3oouFU-2-container\" class=\"evf-field evf-field-text form-row\" data-field-id=\"dGcJ3oouFU-2\"><label class=\"evf-field-label\" for=\"evf-1593-field_dGcJ3oouFU-2\"><span class=\"evf-label\">T\u00c9L\u00c9PHONE<\/span> <\/label><input type=\"text\" id=\"evf-1593-field_dGcJ3oouFU-2\" class=\"input-text\" name=\"everest_forms[form_fields][dGcJ3oouFU-2]\" ><\/div><div id=\"evf-1593-field_email-container\" class=\"evf-field evf-field-email form-row validate-required validate-email\" data-required-field-message=\"Please enter a valid email address.\" data-field-id=\"email\"><label class=\"evf-field-label\" for=\"evf-1593-field_email\"><span class=\"evf-label\">COURRIEL<\/span> <abbr class=\"required\" title=\"N\u00e9cessaire\">*<\/abbr><\/label><input type=\"email\" id=\"evf-1593-field_email\" class=\"input-text\" name=\"everest_forms[form_fields][email]\" required ><\/div><div id=\"evf-1593-field_Bo6NY697qJ-6-container\" class=\"evf-field evf-field-checkbox form-row\" data-field-id=\"Bo6NY697qJ-6\"><label class=\"evf-field-label\" for=\"evf-1593-field_Bo6NY697qJ-6\"><span class=\"evf-label\">JE VOUDRAIS VOUS PARLER<\/span> <\/label><ul id=\"evf-1593-field_Bo6NY697qJ-6\"><li class=\"choice-1 depth-1\"><input type=\"checkbox\" id=\"evf-1593-field_Bo6NY697qJ-6_1\" class=\"input-text\" name=\"everest_forms[form_fields][Bo6NY697qJ-6][]\" value=\"D&#039;UN PROJET DE TOILE PERSONNALIS\u00c9E.\"  ><label class=\"everest-forms-field-label-inline\" for=\"evf-1593-field_Bo6NY697qJ-6_1\">D'UN PROJET DE TOILE PERSONNALIS\u00c9E.<\/label><\/li><li class=\"choice-2 depth-1\"><input type=\"checkbox\" id=\"evf-1593-field_Bo6NY697qJ-6_2\" class=\"input-text\" name=\"everest_forms[form_fields][Bo6NY697qJ-6][]\" value=\"DE GRANDEURS DE TOILES ET PRIX.\"  ><label class=\"everest-forms-field-label-inline\" for=\"evf-1593-field_Bo6NY697qJ-6_2\">DE GRANDEURS DE TOILES ET PRIX.<\/label><\/li><\/ul><\/div><div id=\"evf-1593-field_DLVhlhqo9A-7-container\" class=\"evf-field evf-field-checkbox form-row\" data-field-id=\"DLVhlhqo9A-7\"><label class=\"evf-field-label\" for=\"evf-1593-field_DLVhlhqo9A-7\"><span class=\"evf-label\">MON SUJET SERA<\/span> <\/label><ul id=\"evf-1593-field_DLVhlhqo9A-7\"><li class=\"choice-1 depth-1\"><input type=\"checkbox\" id=\"evf-1593-field_DLVhlhqo9A-7_1\" class=\"input-text\" name=\"everest_forms[form_fields][DLVhlhqo9A-7][]\" value=\"MON CHAT F\u00c9LIX\"  ><label class=\"everest-forms-field-label-inline\" for=\"evf-1593-field_DLVhlhqo9A-7_1\">MON CHAT F\u00c9LIX<\/label><\/li><li class=\"choice-2 depth-1\"><input type=\"checkbox\" id=\"evf-1593-field_DLVhlhqo9A-7_2\" class=\"input-text\" name=\"everest_forms[form_fields][DLVhlhqo9A-7][]\" value=\"MON CHIEN ADOR\u00c9  \"  ><label class=\"everest-forms-field-label-inline\" for=\"evf-1593-field_DLVhlhqo9A-7_2\">MON CHIEN ADOR\u00c9  <\/label><\/li><li class=\"choice-4 depth-1\"><input type=\"checkbox\" id=\"evf-1593-field_DLVhlhqo9A-7_4\" class=\"input-text\" name=\"everest_forms[form_fields][DLVhlhqo9A-7][]\" value=\"OU AUTRES\"  ><label class=\"everest-forms-field-label-inline\" for=\"evf-1593-field_DLVhlhqo9A-7_4\">OU AUTRES<\/label><\/li><\/ul><\/div><div id=\"evf-1593-field_message-container\" class=\"evf-field evf-field-textarea form-row\" data-field-id=\"message\"><label class=\"evf-field-label\" for=\"evf-1593-field_message\"><span class=\"evf-label\">MESSAGE<\/span> <\/label><textarea id=\"evf-1593-field_message\" class=\"input-text\" name=\"everest_forms[form_fields][message]\"  ><\/textarea><\/div><\/div><\/div><\/div><div class=\"evf-honeypot-container evf-field-hp\"><label for=\"evf-1593-field-hp\" class=\"evf-field-label\">Name<\/label><input type=\"text\" name=\"everest_forms[hp]\" id=\"evf-1593-field-hp\" class=\"input-text\"><\/div><div class=\"evf-submit-container \" ><input type=\"hidden\" name=\"everest_forms[id]\" value=\"1593\"><input type=\"hidden\" name=\"everest_forms[author]\" value=\"3\"><button type='submit' name='everest_forms[submit]' class='everest-forms-submit-button button evf-submit ' id='evf-submit-1593' value='evf-submit' data-process-text=\" En traitement\u2026\" conditional_rules='&quot;&quot;' conditional_id='evf-submit-1593'  id=\"evf-submit-1593\" aria-live=\"assertive\">SOUMETTRE<\/button><\/div><\/form><\/div><!-- .evf-container --><\/div><\/p>\n<p>&nbsp;<\/p>\n<p>&nbsp;<\/p>\n","protected":false},"excerpt":{"rendered":"<p>Immortalisez votre chat ou votre chien avec une peinture personnalis\u00e9e de l&rsquo;artiste montr\u00e9alais Marc Samson. \u00c9tape 1: Choisissez vos dimensions et vos couleurs principales. Je peux en discuter ensemble. Voici les tailles courantes: 72\u201d x 48\u201d 60\u201d x 45\u201d 48\u201d x 36\u201d 40\u201d x 30\u201d 28\u201d x 20\u201d 18&Prime; x 24&Prime; \u00c9tape 2: Incorporez un [&hellip;]<\/p>\n","protected":false},"author":3,"featured_media":0,"parent":0,"menu_order":0,"comment_status":"closed","ping_status":"closed","template":"","meta":{"ngg_post_thumbnail":0},"yoast_head":"<!-- This site is optimized with the Yoast SEO plugin v18.5.1 - https:\/\/yoast.com\/wordpress\/plugins\/seo\/ -->\n<title>Peintures personnalis\u00e9es pour chats et chiens | Cadeaux comm\u00e9moratifs | Peintures abstraites<\/title>\n<meta name=\"description\" content=\"Immortalisez vos animaux de compagnie avec une peinture comm\u00e9morative personnalis\u00e9e de l&#039;artiste montr\u00e9alais Marc Samson. Commandez une peinture sur mesure pour votre chat ou chien aujourd&#039;hui! Cadeaux comm\u00e9moratifs de chien sur toile!\" \/>\n<meta name=\"robots\" content=\"index, follow, max-snippet:-1, max-image-preview:large, max-video-preview:-1\" \/>\n<link rel=\"canonical\" href=\"https:\/\/www.marcsamsonartist.com\/fr\/immortalisez-votre-chat-ou-chien-avec-une-peinture-portraits-pour-vos-animaux-preferes\u2028\/\" \/>\n<meta property=\"og:locale\" content=\"fr_FR\" \/>\n<meta property=\"og:type\" content=\"article\" \/>\n<meta property=\"og:title\" content=\"Peintures personnalis\u00e9es pour chats et chiens | Cadeaux comm\u00e9moratifs | Peintures abstraites\" \/>\n<meta property=\"og:description\" content=\"Immortalisez vos animaux de compagnie avec une peinture comm\u00e9morative personnalis\u00e9e de l&#039;artiste montr\u00e9alais Marc Samson. Commandez une peinture sur mesure pour votre chat ou chien aujourd&#039;hui! Cadeaux comm\u00e9moratifs de chien sur toile!\" \/>\n<meta property=\"og:url\" content=\"https:\/\/www.marcsamsonartist.com\/fr\/immortalisez-votre-chat-ou-chien-avec-une-peinture-portraits-pour-vos-animaux-preferes\u2028\/\" \/>\n<meta property=\"og:site_name\" content=\"SAMSON ARTISTE\" \/>\n<meta property=\"article:modified_time\" content=\"2020-01-25T14:27:18+00:00\" \/>\n<meta property=\"og:image\" content=\"http:\/\/www.marcsamsonartist.com\/wp-content\/uploads\/2020\/01\/immortalize-your-cat.png\" \/>\n<meta name=\"twitter:card\" content=\"summary\" \/>\n<script type=\"application\/ld+json\" class=\"yoast-schema-graph\">{\"@context\":\"https:\/\/schema.org\",\"@graph\":[{\"@type\":\"WebSite\",\"@id\":\"https:\/\/www.marcsamsonartist.com\/#website\",\"url\":\"https:\/\/www.marcsamsonartist.com\/\",\"name\":\"SAMSON ARTISTE\",\"description\":\"ARTISTE QU\u00c9BECOIS DE NORTH HATLEY\",\"potentialAction\":[{\"@type\":\"SearchAction\",\"target\":{\"@type\":\"EntryPoint\",\"urlTemplate\":\"https:\/\/www.marcsamsonartist.com\/?s={search_term_string}\"},\"query-input\":\"required name=search_term_string\"}],\"inLanguage\":\"fr-FR\"},{\"@type\":\"ImageObject\",\"@id\":\"https:\/\/www.marcsamsonartist.com\/fr\/immortalisez-votre-chat-ou-chien-avec-une-peinture-portraits-pour-vos-animaux-preferes%e2%80%a8\/#primaryimage\",\"inLanguage\":\"fr-FR\",\"url\":\"http:\/\/www.marcsamsonartist.com\/wp-content\/uploads\/2020\/01\/immortalize-your-cat.png\",\"contentUrl\":\"http:\/\/www.marcsamsonartist.com\/wp-content\/uploads\/2020\/01\/immortalize-your-cat.png\"},{\"@type\":\"WebPage\",\"@id\":\"https:\/\/www.marcsamsonartist.com\/fr\/immortalisez-votre-chat-ou-chien-avec-une-peinture-portraits-pour-vos-animaux-preferes%e2%80%a8\/#webpage\",\"url\":\"https:\/\/www.marcsamsonartist.com\/fr\/immortalisez-votre-chat-ou-chien-avec-une-peinture-portraits-pour-vos-animaux-preferes%e2%80%a8\/\",\"name\":\"Peintures personnalis\u00e9es pour chats et chiens | Cadeaux comm\u00e9moratifs | Peintures abstraites\",\"isPartOf\":{\"@id\":\"https:\/\/www.marcsamsonartist.com\/#website\"},\"primaryImageOfPage\":{\"@id\":\"https:\/\/www.marcsamsonartist.com\/fr\/immortalisez-votre-chat-ou-chien-avec-une-peinture-portraits-pour-vos-animaux-preferes%e2%80%a8\/#primaryimage\"},\"datePublished\":\"2020-01-21T13:18:10+00:00\",\"dateModified\":\"2020-01-25T14:27:18+00:00\",\"description\":\"Immortalisez vos animaux de compagnie avec une peinture comm\u00e9morative personnalis\u00e9e de l'artiste montr\u00e9alais Marc Samson. Commandez une peinture sur mesure pour votre chat ou chien aujourd'hui! Cadeaux comm\u00e9moratifs de chien sur toile!\",\"breadcrumb\":{\"@id\":\"https:\/\/www.marcsamsonartist.com\/fr\/immortalisez-votre-chat-ou-chien-avec-une-peinture-portraits-pour-vos-animaux-preferes%e2%80%a8\/#breadcrumb\"},\"inLanguage\":\"fr-FR\",\"potentialAction\":[{\"@type\":\"ReadAction\",\"target\":[\"https:\/\/www.marcsamsonartist.com\/fr\/immortalisez-votre-chat-ou-chien-avec-une-peinture-portraits-pour-vos-animaux-preferes%e2%80%a8\/\"]}]},{\"@type\":\"BreadcrumbList\",\"@id\":\"https:\/\/www.marcsamsonartist.com\/fr\/immortalisez-votre-chat-ou-chien-avec-une-peinture-portraits-pour-vos-animaux-preferes%e2%80%a8\/#breadcrumb\",\"itemListElement\":[{\"@type\":\"ListItem\",\"position\":1,\"name\":\"Home\",\"item\":\"https:\/\/www.marcsamsonartist.com\/fr\/\"},{\"@type\":\"ListItem\",\"position\":2,\"name\":\"IMMORTALISEZ VOTRE CHAT OU CHIEN AVEC UNE PEINTURE | PORTRAITS POUR VOS ANIMAUX PR\u00c9F\u00c9R\u00c9S\\u2028\"}]}]}<\/script>\n<!-- \/ Yoast SEO plugin. -->","yoast_head_json":{"title":"Peintures personnalis\u00e9es pour chats et chiens | Cadeaux comm\u00e9moratifs | Peintures abstraites","description":"Immortalisez vos animaux de compagnie avec une peinture comm\u00e9morative personnalis\u00e9e de l'artiste montr\u00e9alais Marc Samson. Commandez une peinture sur mesure pour votre chat ou chien aujourd'hui! Cadeaux comm\u00e9moratifs de chien sur toile!","robots":{"index":"index","follow":"follow","max-snippet":"max-snippet:-1","max-image-preview":"max-image-preview:large","max-video-preview":"max-video-preview:-1"},"canonical":"https:\/\/www.marcsamsonartist.com\/fr\/immortalisez-votre-chat-ou-chien-avec-une-peinture-portraits-pour-vos-animaux-preferes\u2028\/","og_locale":"fr_FR","og_type":"article","og_title":"Peintures personnalis\u00e9es pour chats et chiens | Cadeaux comm\u00e9moratifs | Peintures abstraites","og_description":"Immortalisez vos animaux de compagnie avec une peinture comm\u00e9morative personnalis\u00e9e de l'artiste montr\u00e9alais Marc Samson. Commandez une peinture sur mesure pour votre chat ou chien aujourd'hui! Cadeaux comm\u00e9moratifs de chien sur toile!","og_url":"https:\/\/www.marcsamsonartist.com\/fr\/immortalisez-votre-chat-ou-chien-avec-une-peinture-portraits-pour-vos-animaux-preferes\u2028\/","og_site_name":"SAMSON ARTISTE","article_modified_time":"2020-01-25T14:27:18+00:00","og_image":[{"url":"http:\/\/www.marcsamsonartist.com\/wp-content\/uploads\/2020\/01\/immortalize-your-cat.png"}],"twitter_card":"summary","schema":{"@context":"https:\/\/schema.org","@graph":[{"@type":"WebSite","@id":"https:\/\/www.marcsamsonartist.com\/#website","url":"https:\/\/www.marcsamsonartist.com\/","name":"SAMSON ARTISTE","description":"ARTISTE QU\u00c9BECOIS DE NORTH HATLEY","potentialAction":[{"@type":"SearchAction","target":{"@type":"EntryPoint","urlTemplate":"https:\/\/www.marcsamsonartist.com\/?s={search_term_string}"},"query-input":"required name=search_term_string"}],"inLanguage":"fr-FR"},{"@type":"ImageObject","@id":"https:\/\/www.marcsamsonartist.com\/fr\/immortalisez-votre-chat-ou-chien-avec-une-peinture-portraits-pour-vos-animaux-preferes%e2%80%a8\/#primaryimage","inLanguage":"fr-FR","url":"http:\/\/www.marcsamsonartist.com\/wp-content\/uploads\/2020\/01\/immortalize-your-cat.png","contentUrl":"http:\/\/www.marcsamsonartist.com\/wp-content\/uploads\/2020\/01\/immortalize-your-cat.png"},{"@type":"WebPage","@id":"https:\/\/www.marcsamsonartist.com\/fr\/immortalisez-votre-chat-ou-chien-avec-une-peinture-portraits-pour-vos-animaux-preferes%e2%80%a8\/#webpage","url":"https:\/\/www.marcsamsonartist.com\/fr\/immortalisez-votre-chat-ou-chien-avec-une-peinture-portraits-pour-vos-animaux-preferes%e2%80%a8\/","name":"Peintures personnalis\u00e9es pour chats et chiens | Cadeaux comm\u00e9moratifs | Peintures abstraites","isPartOf":{"@id":"https:\/\/www.marcsamsonartist.com\/#website"},"primaryImageOfPage":{"@id":"https:\/\/www.marcsamsonartist.com\/fr\/immortalisez-votre-chat-ou-chien-avec-une-peinture-portraits-pour-vos-animaux-preferes%e2%80%a8\/#primaryimage"},"datePublished":"2020-01-21T13:18:10+00:00","dateModified":"2020-01-25T14:27:18+00:00","description":"Immortalisez vos animaux de compagnie avec une peinture comm\u00e9morative personnalis\u00e9e de l'artiste montr\u00e9alais Marc Samson. Commandez une peinture sur mesure pour votre chat ou chien aujourd'hui! Cadeaux comm\u00e9moratifs de chien sur toile!","breadcrumb":{"@id":"https:\/\/www.marcsamsonartist.com\/fr\/immortalisez-votre-chat-ou-chien-avec-une-peinture-portraits-pour-vos-animaux-preferes%e2%80%a8\/#breadcrumb"},"inLanguage":"fr-FR","potentialAction":[{"@type":"ReadAction","target":["https:\/\/www.marcsamsonartist.com\/fr\/immortalisez-votre-chat-ou-chien-avec-une-peinture-portraits-pour-vos-animaux-preferes%e2%80%a8\/"]}]},{"@type":"BreadcrumbList","@id":"https:\/\/www.marcsamsonartist.com\/fr\/immortalisez-votre-chat-ou-chien-avec-une-peinture-portraits-pour-vos-animaux-preferes%e2%80%a8\/#breadcrumb","itemListElement":[{"@type":"ListItem","position":1,"name":"Home","item":"https:\/\/www.marcsamsonartist.com\/fr\/"},{"@type":"ListItem","position":2,"name":"IMMORTALISEZ VOTRE CHAT OU CHIEN AVEC UNE PEINTURE | PORTRAITS POUR VOS ANIMAUX PR\u00c9F\u00c9R\u00c9S\u2028"}]}]}},"_links":{"self":[{"href":"https:\/\/www.marcsamsonartist.com\/fr\/wp-json\/wp\/v2\/pages\/1589"}],"collection":[{"href":"https:\/\/www.marcsamsonartist.com\/fr\/wp-json\/wp\/v2\/pages"}],"about":[{"href":"https:\/\/www.marcsamsonartist.com\/fr\/wp-json\/wp\/v2\/types\/page"}],"author":[{"embeddable":true,"href":"https:\/\/www.marcsamsonartist.com\/fr\/wp-json\/wp\/v2\/users\/3"}],"replies":[{"embeddable":true,"href":"https:\/\/www.marcsamsonartist.com\/fr\/wp-json\/wp\/v2\/comments?post=1589"}],"version-history":[{"count":6,"href":"https:\/\/www.marcsamsonartist.com\/fr\/wp-json\/wp\/v2\/pages\/1589\/revisions"}],"predecessor-version":[{"id":1605,"href":"https:\/\/www.marcsamsonartist.com\/fr\/wp-json\/wp\/v2\/pages\/1589\/revisions\/1605"}],"wp:attachment":[{"href":"https:\/\/www.marcsamsonartist.com\/fr\/wp-json\/wp\/v2\/media?parent=1589"}],"curies":[{"name":"wp","href":"https:\/\/api.w.org\/{rel}","templated":true}]}}