{"id":1025,"date":"2018-07-03T16:36:20","date_gmt":"2018-07-03T20:36:20","guid":{"rendered":"http:\/\/www.marcsamsonartist.com\/fr\/?page_id=1025"},"modified":"2021-06-17T09:03:10","modified_gmt":"2021-06-17T13:03:10","slug":"surmesure","status":"publish","type":"page","link":"https:\/\/www.marcsamsonartist.com\/fr\/surmesure\/","title":{"rendered":"Commandez"},"content":{"rendered":"<p>Si vous d\u00e9sirez commander une cr\u00e9ation personnalis\u00e9e, veuillez communiquer avec Marc Samson au 514-662-0148 ou par courriel \u00e0 l&rsquo;adresse <a href=\"mailto:marcsamsonartiste@gmail.com\">marcsamsonartiste@gmail.com<\/a><\/p>\n<p><img loading=\"lazy\" class=\"alignnone size-large wp-image-2891\" src=\"http:\/\/www.marcsamsonartist.com\/wp-content\/uploads\/2021\/06\/samson-artiste-velo-art-1024x791.png\" alt=\"\" width=\"1024\" height=\"791\" srcset=\"https:\/\/www.marcsamsonartist.com\/wp-content\/uploads\/2021\/06\/samson-artiste-velo-art-1024x791.png 1024w, https:\/\/www.marcsamsonartist.com\/wp-content\/uploads\/2021\/06\/samson-artiste-velo-art-300x232.png 300w, https:\/\/www.marcsamsonartist.com\/wp-content\/uploads\/2021\/06\/samson-artiste-velo-art-768x593.png 768w, https:\/\/www.marcsamsonartist.com\/wp-content\/uploads\/2021\/06\/samson-artiste-velo-art-1536x1187.png 1536w, https:\/\/www.marcsamsonartist.com\/wp-content\/uploads\/2021\/06\/samson-artiste-velo-art.png 2000w\" sizes=\"(max-width: 1024px) 100vw, 1024px\" \/><\/p>\n<p><strong>\u00c9crivez-moi ci-bas!&nbsp;<\/strong><br \/>\n<div class=\"everest-forms\"><p class=\"everst-forms-form-disable-notice everest-forms-notice everest-forms-notice--info\">This form is disabled.<\/p><\/div><\/p>\n<p><img loading=\"lazy\" class=\"alignnone size-large wp-image-1021\" src=\"http:\/\/www.marcsamsonartist.com\/wp-content\/uploads\/2018\/07\/0-Marc-Samson-Artist-826x1024.jpg\" alt=\"Marc Samson Artist\" width=\"826\" height=\"1024\" srcset=\"https:\/\/www.marcsamsonartist.com\/wp-content\/uploads\/2018\/07\/0-Marc-Samson-Artist-826x1024.jpg 826w, https:\/\/www.marcsamsonartist.com\/wp-content\/uploads\/2018\/07\/0-Marc-Samson-Artist-242x300.jpg 242w, https:\/\/www.marcsamsonartist.com\/wp-content\/uploads\/2018\/07\/0-Marc-Samson-Artist-768x952.jpg 768w, https:\/\/www.marcsamsonartist.com\/wp-content\/uploads\/2018\/07\/0-Marc-Samson-Artist-300x372.jpg 300w, https:\/\/www.marcsamsonartist.com\/wp-content\/uploads\/2018\/07\/0-Marc-Samson-Artist.jpg 1600w\" sizes=\"(max-width: 826px) 100vw, 826px\" \/><\/p>\n","protected":false},"excerpt":{"rendered":"<p>Si vous d\u00e9sirez commander une cr\u00e9ation personnalis\u00e9e, veuillez communiquer avec Marc Samson au 514-662-0148 ou par courriel \u00e0 l&rsquo;adresse marcsamsonartiste@gmail.com \u00c9crivez-moi ci-bas!&nbsp;<\/p>\n","protected":false},"author":3,"featured_media":0,"parent":0,"menu_order":0,"comment_status":"closed","ping_status":"closed","template":"","meta":{"ngg_post_thumbnail":0},"yoast_head":"<!-- This site is optimized with the Yoast SEO plugin v18.5.1 - https:\/\/yoast.com\/wordpress\/plugins\/seo\/ -->\n<title>Commandez | SAMSON ARTISTE<\/title>\n<meta name=\"robots\" content=\"index, follow, max-snippet:-1, max-image-preview:large, max-video-preview:-1\" \/>\n<link rel=\"canonical\" href=\"https:\/\/www.marcsamsonartist.com\/fr\/surmesure\/\" \/>\n<meta property=\"og:locale\" content=\"fr_FR\" \/>\n<meta property=\"og:type\" content=\"article\" \/>\n<meta property=\"og:title\" content=\"Commandez | SAMSON ARTISTE\" \/>\n<meta property=\"og:description\" content=\"Si vous d\u00e9sirez commander une cr\u00e9ation personnalis\u00e9e, veuillez communiquer avec Marc Samson au 514-662-0148 ou par courriel \u00e0 l&rsquo;adresse marcsamsonartiste@gmail.com \u00c9crivez-moi ci-bas!&nbsp;\" \/>\n<meta property=\"og:url\" content=\"https:\/\/www.marcsamsonartist.com\/fr\/surmesure\/\" \/>\n<meta property=\"og:site_name\" content=\"SAMSON ARTISTE\" \/>\n<meta property=\"article:modified_time\" content=\"2021-06-17T13:03:10+00:00\" \/>\n<meta property=\"og:image\" content=\"http:\/\/www.marcsamsonartist.com\/wp-content\/uploads\/2021\/06\/samson-artiste-velo-art-1024x791.png\" \/>\n<meta name=\"twitter:card\" content=\"summary\" \/>\n<meta name=\"twitter:label1\" content=\"Dur\u00e9e de lecture estim\u00e9e\" \/>\n\t<meta name=\"twitter:data1\" content=\"1 minute\" \/>\n<script type=\"application\/ld+json\" class=\"yoast-schema-graph\">{\"@context\":\"https:\/\/schema.org\",\"@graph\":[{\"@type\":\"WebSite\",\"@id\":\"https:\/\/www.marcsamsonartist.com\/#website\",\"url\":\"https:\/\/www.marcsamsonartist.com\/\",\"name\":\"SAMSON ARTISTE\",\"description\":\"ARTISTE QU\u00c9BECOIS DE NORTH HATLEY\",\"potentialAction\":[{\"@type\":\"SearchAction\",\"target\":{\"@type\":\"EntryPoint\",\"urlTemplate\":\"https:\/\/www.marcsamsonartist.com\/?s={search_term_string}\"},\"query-input\":\"required name=search_term_string\"}],\"inLanguage\":\"fr-FR\"},{\"@type\":\"ImageObject\",\"@id\":\"https:\/\/www.marcsamsonartist.com\/fr\/surmesure\/#primaryimage\",\"inLanguage\":\"fr-FR\",\"url\":\"http:\/\/www.marcsamsonartist.com\/wp-content\/uploads\/2021\/06\/samson-artiste-velo-art-1024x791.png\",\"contentUrl\":\"http:\/\/www.marcsamsonartist.com\/wp-content\/uploads\/2021\/06\/samson-artiste-velo-art-1024x791.png\"},{\"@type\":\"WebPage\",\"@id\":\"https:\/\/www.marcsamsonartist.com\/fr\/surmesure\/#webpage\",\"url\":\"https:\/\/www.marcsamsonartist.com\/fr\/surmesure\/\",\"name\":\"Commandez | SAMSON ARTISTE\",\"isPartOf\":{\"@id\":\"https:\/\/www.marcsamsonartist.com\/#website\"},\"primaryImageOfPage\":{\"@id\":\"https:\/\/www.marcsamsonartist.com\/fr\/surmesure\/#primaryimage\"},\"datePublished\":\"2018-07-03T20:36:20+00:00\",\"dateModified\":\"2021-06-17T13:03:10+00:00\",\"breadcrumb\":{\"@id\":\"https:\/\/www.marcsamsonartist.com\/fr\/surmesure\/#breadcrumb\"},\"inLanguage\":\"fr-FR\",\"potentialAction\":[{\"@type\":\"ReadAction\",\"target\":[\"https:\/\/www.marcsamsonartist.com\/fr\/surmesure\/\"]}]},{\"@type\":\"BreadcrumbList\",\"@id\":\"https:\/\/www.marcsamsonartist.com\/fr\/surmesure\/#breadcrumb\",\"itemListElement\":[{\"@type\":\"ListItem\",\"position\":1,\"name\":\"Home\",\"item\":\"https:\/\/www.marcsamsonartist.com\/fr\/\"},{\"@type\":\"ListItem\",\"position\":2,\"name\":\"Commandez\"}]}]}<\/script>\n<!-- \/ Yoast SEO plugin. -->","yoast_head_json":{"title":"Commandez | SAMSON ARTISTE","robots":{"index":"index","follow":"follow","max-snippet":"max-snippet:-1","max-image-preview":"max-image-preview:large","max-video-preview":"max-video-preview:-1"},"canonical":"https:\/\/www.marcsamsonartist.com\/fr\/surmesure\/","og_locale":"fr_FR","og_type":"article","og_title":"Commandez | SAMSON ARTISTE","og_description":"Si vous d\u00e9sirez commander une cr\u00e9ation personnalis\u00e9e, veuillez communiquer avec Marc Samson au 514-662-0148 ou par courriel \u00e0 l&rsquo;adresse marcsamsonartiste@gmail.com \u00c9crivez-moi ci-bas!&nbsp;","og_url":"https:\/\/www.marcsamsonartist.com\/fr\/surmesure\/","og_site_name":"SAMSON ARTISTE","article_modified_time":"2021-06-17T13:03:10+00:00","og_image":[{"url":"http:\/\/www.marcsamsonartist.com\/wp-content\/uploads\/2021\/06\/samson-artiste-velo-art-1024x791.png"}],"twitter_card":"summary","twitter_misc":{"Dur\u00e9e de lecture estim\u00e9e":"1 minute"},"schema":{"@context":"https:\/\/schema.org","@graph":[{"@type":"WebSite","@id":"https:\/\/www.marcsamsonartist.com\/#website","url":"https:\/\/www.marcsamsonartist.com\/","name":"SAMSON ARTISTE","description":"ARTISTE QU\u00c9BECOIS DE NORTH HATLEY","potentialAction":[{"@type":"SearchAction","target":{"@type":"EntryPoint","urlTemplate":"https:\/\/www.marcsamsonartist.com\/?s={search_term_string}"},"query-input":"required name=search_term_string"}],"inLanguage":"fr-FR"},{"@type":"ImageObject","@id":"https:\/\/www.marcsamsonartist.com\/fr\/surmesure\/#primaryimage","inLanguage":"fr-FR","url":"http:\/\/www.marcsamsonartist.com\/wp-content\/uploads\/2021\/06\/samson-artiste-velo-art-1024x791.png","contentUrl":"http:\/\/www.marcsamsonartist.com\/wp-content\/uploads\/2021\/06\/samson-artiste-velo-art-1024x791.png"},{"@type":"WebPage","@id":"https:\/\/www.marcsamsonartist.com\/fr\/surmesure\/#webpage","url":"https:\/\/www.marcsamsonartist.com\/fr\/surmesure\/","name":"Commandez | SAMSON ARTISTE","isPartOf":{"@id":"https:\/\/www.marcsamsonartist.com\/#website"},"primaryImageOfPage":{"@id":"https:\/\/www.marcsamsonartist.com\/fr\/surmesure\/#primaryimage"},"datePublished":"2018-07-03T20:36:20+00:00","dateModified":"2021-06-17T13:03:10+00:00","breadcrumb":{"@id":"https:\/\/www.marcsamsonartist.com\/fr\/surmesure\/#breadcrumb"},"inLanguage":"fr-FR","potentialAction":[{"@type":"ReadAction","target":["https:\/\/www.marcsamsonartist.com\/fr\/surmesure\/"]}]},{"@type":"BreadcrumbList","@id":"https:\/\/www.marcsamsonartist.com\/fr\/surmesure\/#breadcrumb","itemListElement":[{"@type":"ListItem","position":1,"name":"Home","item":"https:\/\/www.marcsamsonartist.com\/fr\/"},{"@type":"ListItem","position":2,"name":"Commandez"}]}]}},"_links":{"self":[{"href":"https:\/\/www.marcsamsonartist.com\/fr\/wp-json\/wp\/v2\/pages\/1025"}],"collection":[{"href":"https:\/\/www.marcsamsonartist.com\/fr\/wp-json\/wp\/v2\/pages"}],"about":[{"href":"https:\/\/www.marcsamsonartist.com\/fr\/wp-json\/wp\/v2\/types\/page"}],"author":[{"embeddable":true,"href":"https:\/\/www.marcsamsonartist.com\/fr\/wp-json\/wp\/v2\/users\/3"}],"replies":[{"embeddable":true,"href":"https:\/\/www.marcsamsonartist.com\/fr\/wp-json\/wp\/v2\/comments?post=1025"}],"version-history":[{"count":5,"href":"https:\/\/www.marcsamsonartist.com\/fr\/wp-json\/wp\/v2\/pages\/1025\/revisions"}],"predecessor-version":[{"id":2893,"href":"https:\/\/www.marcsamsonartist.com\/fr\/wp-json\/wp\/v2\/pages\/1025\/revisions\/2893"}],"wp:attachment":[{"href":"https:\/\/www.marcsamsonartist.com\/fr\/wp-json\/wp\/v2\/media?parent=1025"}],"curies":[{"name":"wp","href":"https:\/\/api.w.org\/{rel}","templated":true}]}}